{"id":9634,"date":"2025-06-13T16:01:39","date_gmt":"2025-06-13T16:01:39","guid":{"rendered":"https:\/\/stefanie-rose.de\/?page_id=9634"},"modified":"2025-06-13T16:01:40","modified_gmt":"2025-06-13T16:01:40","slug":"marion-sparber","status":"publish","type":"page","link":"https:\/\/stefanie-rose.de\/en\/marion-sparber\/","title":{"rendered":"Marion Sparber"},"content":{"rendered":"<p>Marion kommt urspr\u00fcnglich aus Italien und erhielt ihre Tanzausbildung bei<br \/>Varium (Spanien) und Iwanson International (Deutschland).<br \/>Seit 2014 erh\u00e4lt Marion eine F\u00f6rderung als Choreografin aus S\u00fcdtirol, um ihre<br \/>eigene Arbeit zu kreieren und zu entwickeln. Viele von Marions Choreografien<br \/>sind eine spielerische Verbindung von sehr k\u00f6rperlichem Tanz, Tanztheater,<br \/>Live-Musik sowie Video- und Fotoinstallationen. Ihre Arbeiten wurden an<br \/>verschiedenen internationalen Theatern und Festivals in Europa, S\u00fcd- und<br \/>Nordamerika sowie in Asien aufgef\u00fchrt.<br \/><\/p>\n\n\n\n<div class=\"wp-block-media-text is-stacked-on-mobile\"><figure class=\"wp-block-media-text__media\"><img loading=\"lazy\" decoding=\"async\" width=\"1024\" height=\"683\" src=\"https:\/\/stefanie-rose.de\/wp-content\/uploads\/2025\/06\/IMG_4593-1024x683.jpeg\" alt=\"\" class=\"wp-image-9635 size-full\" srcset=\"https:\/\/stefanie-rose.de\/wp-content\/uploads\/2025\/06\/IMG_4593-1024x683.jpeg 1024w, https:\/\/stefanie-rose.de\/wp-content\/uploads\/2025\/06\/IMG_4593-300x200.jpeg 300w, https:\/\/stefanie-rose.de\/wp-content\/uploads\/2025\/06\/IMG_4593-768x512.jpeg 768w, https:\/\/stefanie-rose.de\/wp-content\/uploads\/2025\/06\/IMG_4593-1536x1024.jpeg 1536w, https:\/\/stefanie-rose.de\/wp-content\/uploads\/2025\/06\/IMG_4593-2048x1365.jpeg 2048w\" sizes=\"auto, (max-width: 1024px) 100vw, 1024px\" \/><\/figure><div class=\"wp-block-media-text__content\">\n<p>Marion hat als T\u00e4nzerin mit Choreographen und Kompanien wie Francisco<br \/>C\u00f3rdova, Stella Zannou, Sonia Rodriguez und Adn-Dialect<br \/>zusammengearbeitet.<\/p>\n<\/div><\/div>\n\n\n\n<p><br \/>Marion hat international in verschiedenen Schulen, Tanzkompanien und<br \/>Festivals als Lehrerin f\u00fcr zeitgen\u00f6ssischen Tanz und Partnering gearbeitet. So<br \/>zum Beispiel beim B12 Festival, Deltebre dansa, Of curious nature,<br \/>Tanzcompagnie Volkstheater Rostock, Tanz Bielefeld, Tanzcompagnie<br \/>Braunschweig, Tanz Kassel, Unusual Symptoms, Constanza Macras &#8211; Dorky<br \/>Park, Tanz Gie\u00dfen, Konzerttheater Heidelberg, Tanz Kassel, Tanz Luzern,<br \/>Konzerttheater St. Gallen, Circuit-est, Atlas Festival u.a.<br \/>Gemeinsam mit Alan Fuentes Guerra hat sie 2017 die Plattform Shared<br \/>Levitation Partnering ins Leben gerufen. Im Rahmen der Plattform entstanden<br \/>mehrere St\u00fccke f\u00fcr Tanzschulen und professionelle Kompanien und<br \/>gemeinsam veranstalteten sie \u00fcber 130 Shared Levitation Partnering<br \/>Workshops auf der ganzen Welt.<\/p>\n\n\n\n<p><br \/>F\u00fcr weitere Informationen besuchen Sie bitte:<\/p>\n\n\n\n<figure class=\"wp-block-embed\"><div class=\"wp-block-embed__wrapper\">\nhttps:\/\/www.marionsparber.com\n<\/div><\/figure>","protected":false},"excerpt":{"rendered":"<p>Marion kommt urspr\u00fcnglich aus Italien und erhielt ihre Tanzausbildung beiVarium (Spanien) und Iwanson International (Deutschland).Seit 2014 erh\u00e4lt Marion eine F\u00f6rderung [&hellip;]<\/p>","protected":false},"author":1,"featured_media":0,"parent":0,"menu_order":0,"comment_status":"closed","ping_status":"closed","template":"","meta":{"site-sidebar-layout":"default","site-content-layout":"","ast-site-content-layout":"default","site-content-style":"default","site-sidebar-style":"default","ast-global-header-display":"","ast-banner-title-visibility":"","ast-main-header-display":"","ast-hfb-above-header-display":"","ast-hfb-below-header-display":"","ast-hfb-mobile-header-display":"","site-post-title":"","ast-breadcrumbs-content":"","ast-featured-img":"","footer-sml-layout":"","theme-transparent-header-meta":"","adv-header-id-meta":"","stick-header-meta":"","header-above-stick-meta":"","header-main-stick-meta":"","header-below-stick-meta":"","astra-migrate-meta-layouts":"default","ast-page-background-enabled":"default","ast-page-background-meta":{"desktop":{"background-color":"var(--ast-global-color-5)","background-image":"","background-repeat":"repeat","background-position":"center center","background-size":"auto","background-attachment":"scroll","background-type":"","background-media":"","overlay-type":"","overlay-color":"","overlay-opacity":"","overlay-gradient":""},"tablet":{"background-color":"","background-image":"","background-repeat":"repeat","background-position":"center center","background-size":"auto","background-attachment":"scroll","background-type":"","background-media":"","overlay-type":"","overlay-color":"","overlay-opacity":"","overlay-gradient":""},"mobile":{"background-color":"","background-image":"","background-repeat":"repeat","background-position":"center center","background-size":"auto","background-attachment":"scroll","background-type":"","background-media":"","overlay-type":"","overlay-color":"","overlay-opacity":"","overlay-gradient":""}},"ast-content-background-meta":{"desktop":{"background-color":"var(--ast-global-color-4)","background-image":"","background-repeat":"repeat","background-position":"center center","background-size":"auto","background-attachment":"scroll","background-type":"","background-media":"","overlay-type":"","overlay-color":"","overlay-opacity":"","overlay-gradient":""},"tablet":{"background-color":"var(--ast-global-color-4)","background-image":"","background-repeat":"repeat","background-position":"center center","background-size":"auto","background-attachment":"scroll","background-type":"","background-media":"","overlay-type":"","overlay-color":"","overlay-opacity":"","overlay-gradient":""},"mobile":{"background-color":"var(--ast-global-color-4)","background-image":"","background-repeat":"repeat","background-position":"center center","background-size":"auto","background-attachment":"scroll","background-type":"","background-media":"","overlay-type":"","overlay-color":"","overlay-opacity":"","overlay-gradient":""}},"footnotes":""},"class_list":["post-9634","page","type-page","status-publish","hentry"],"jetpack_sharing_enabled":true,"_links":{"self":[{"href":"https:\/\/stefanie-rose.de\/en\/wp-json\/wp\/v2\/pages\/9634","targetHints":{"allow":["GET"]}}],"collection":[{"href":"https:\/\/stefanie-rose.de\/en\/wp-json\/wp\/v2\/pages"}],"about":[{"href":"https:\/\/stefanie-rose.de\/en\/wp-json\/wp\/v2\/types\/page"}],"author":[{"embeddable":true,"href":"https:\/\/stefanie-rose.de\/en\/wp-json\/wp\/v2\/users\/1"}],"replies":[{"embeddable":true,"href":"https:\/\/stefanie-rose.de\/en\/wp-json\/wp\/v2\/comments?post=9634"}],"version-history":[{"count":1,"href":"https:\/\/stefanie-rose.de\/en\/wp-json\/wp\/v2\/pages\/9634\/revisions"}],"predecessor-version":[{"id":9637,"href":"https:\/\/stefanie-rose.de\/en\/wp-json\/wp\/v2\/pages\/9634\/revisions\/9637"}],"wp:attachment":[{"href":"https:\/\/stefanie-rose.de\/en\/wp-json\/wp\/v2\/media?parent=9634"}],"curies":[{"name":"wp","href":"https:\/\/api.w.org\/{rel}","templated":true}]}}