{"id":9373,"date":"2025-02-05T20:16:39","date_gmt":"2025-02-05T20:16:39","guid":{"rendered":"https:\/\/stefanie-rose.de\/?page_id=9373"},"modified":"2025-02-05T20:17:37","modified_gmt":"2025-02-05T20:17:37","slug":"denise-frey","status":"publish","type":"page","link":"https:\/\/stefanie-rose.de\/en\/denise-frey\/","title":{"rendered":"Denise Frey"},"content":{"rendered":"<div class=\"wp-block-media-text is-stacked-on-mobile\" style=\"grid-template-columns:33% auto\"><figure class=\"wp-block-media-text__media\"><img loading=\"lazy\" decoding=\"async\" width=\"1024\" height=\"682\" src=\"https:\/\/stefanie-rose.de\/wp-content\/uploads\/2025\/02\/ffd973a6-1d82-4451-b44c-59040d3b6b60-1024x682.jpeg\" alt=\"\" class=\"wp-image-9374 size-full\" srcset=\"https:\/\/stefanie-rose.de\/wp-content\/uploads\/2025\/02\/ffd973a6-1d82-4451-b44c-59040d3b6b60-1024x682.jpeg 1024w, https:\/\/stefanie-rose.de\/wp-content\/uploads\/2025\/02\/ffd973a6-1d82-4451-b44c-59040d3b6b60-300x200.jpeg 300w, https:\/\/stefanie-rose.de\/wp-content\/uploads\/2025\/02\/ffd973a6-1d82-4451-b44c-59040d3b6b60-768x511.jpeg 768w, https:\/\/stefanie-rose.de\/wp-content\/uploads\/2025\/02\/ffd973a6-1d82-4451-b44c-59040d3b6b60-1536x1022.jpeg 1536w, https:\/\/stefanie-rose.de\/wp-content\/uploads\/2025\/02\/ffd973a6-1d82-4451-b44c-59040d3b6b60.jpeg 1600w\" sizes=\"auto, (max-width: 1024px) 100vw, 1024px\" \/><\/figure><div class=\"wp-block-media-text__content\">\n<p>Denise Frey ist eine vielseitige Musikerin, die \u00fcber Umwege zur Musik fand. Urspr\u00fcnglich wollte sie Schauspiel und Jazz studieren, entschied sich aber letztlich f\u00fcr klassisches Saxophon. Ihre Leidenschaft f\u00fcr Improvisation f\u00fchrte sie zur eigenen Musik. Sp\u00e4ter entdeckte sie das Potenzial elektronischer Musik und lernte im Selbststudium, mit diversen Effektger\u00e4ten und Maschinen zu arbeiten. Live kombiniert sie Saxophon, Akai MPC und Effektger\u00e4te zu elektroakustischen Performances, die zwischen Downtempo-Ambient und Techno variieren. Neben ihren Soloauftritten ist sie im ND Duo aktiv und unterrichtet Saxophon, Fl\u00f6te, Improvisation und Musikproduktion<\/p>\n<\/div><\/div>\n\n\n\n<p><a href=\"https:\/\/deref-gmx.net\/mail\/client\/MrrPX16hG_U\/dereferrer\/?redirectUrl=https%3A%2F%2Fdenise-frey.de\" target=\"_blank\" rel=\"noreferrer noopener\">www.denise-frey.de<\/a><\/p>\n\n\n\n<p><a href=\"https:\/\/deref-gmx.net\/mail\/client\/8-geBAs3Om8\/dereferrer\/?redirectUrl=https%3A%2F%2Fdenisefrey.bandcamp.com\" target=\"_blank\" rel=\"noreferrer noopener\">www.denisefrey.bandcamp.com<\/a><\/p>\n\n\n\n<p><a href=\"http:\/\/www.youtube.com\/channel\/UCH1k99-J9gFCjeDpH0XuJvA\">www.youtube.com<\/a><\/p>\n\n\n\n<p><a href=\"https:\/\/deref-gmx.net\/mail\/client\/f12jS_iO2_4\/dereferrer\/?redirectUrl=https%3A%2F%2Fwww.instagram.com%2Fdenisefreymusic_\" target=\"_blank\" rel=\"noreferrer noopener\">www.instagram.com\/denisefreymusic_<\/a><\/p>\n\n\n\n<p><a href=\"https:\/\/deref-gmx.net\/mail\/client\/X097GfS5LnU\/dereferrer\/?redirectUrl=https%3A%2F%2Fsoundcloud.com%2Fdenisefrey\" target=\"_blank\" rel=\"noreferrer noopener\">www.soundcloud.com\/denisefrey<\/a><\/p>\n\n\n\n<p><\/p>","protected":false},"excerpt":{"rendered":"<p>Denise Frey ist eine vielseitige Musikerin, die \u00fcber Umwege zur Musik fand. Urspr\u00fcnglich wollte sie Schauspiel und Jazz studieren, entschied [&hellip;]<\/p>","protected":false},"author":1,"featured_media":0,"parent":0,"menu_order":0,"comment_status":"closed","ping_status":"closed","template":"","meta":{"site-sidebar-layout":"default","site-content-layout":"","ast-site-content-layout":"default","site-content-style":"default","site-sidebar-style":"default","ast-global-header-display":"","ast-banner-title-visibility":"","ast-main-header-display":"","ast-hfb-above-header-display":"","ast-hfb-below-header-display":"","ast-hfb-mobile-header-display":"","site-post-title":"","ast-breadcrumbs-content":"","ast-featured-img":"","footer-sml-layout":"","theme-transparent-header-meta":"","adv-header-id-meta":"","stick-header-meta":"","header-above-stick-meta":"","header-main-stick-meta":"","header-below-stick-meta":"","astra-migrate-meta-layouts":"default","ast-page-background-enabled":"default","ast-page-background-meta":{"desktop":{"background-color":"var(--ast-global-color-5)","background-image":"","background-repeat":"repeat","background-position":"center center","background-size":"auto","background-attachment":"scroll","background-type":"","background-media":"","overlay-type":"","overlay-color":"","overlay-opacity":"","overlay-gradient":""},"tablet":{"background-color":"","background-image":"","background-repeat":"repeat","background-position":"center center","background-size":"auto","background-attachment":"scroll","background-type":"","background-media":"","overlay-type":"","overlay-color":"","overlay-opacity":"","overlay-gradient":""},"mobile":{"background-color":"","background-image":"","background-repeat":"repeat","background-position":"center center","background-size":"auto","background-attachment":"scroll","background-type":"","background-media":"","overlay-type":"","overlay-color":"","overlay-opacity":"","overlay-gradient":""}},"ast-content-background-meta":{"desktop":{"background-color":"var(--ast-global-color-4)","background-image":"","background-repeat":"repeat","background-position":"center center","background-size":"auto","background-attachment":"scroll","background-type":"","background-media":"","overlay-type":"","overlay-color":"","overlay-opacity":"","overlay-gradient":""},"tablet":{"background-color":"var(--ast-global-color-4)","background-image":"","background-repeat":"repeat","background-position":"center center","background-size":"auto","background-attachment":"scroll","background-type":"","background-media":"","overlay-type":"","overlay-color":"","overlay-opacity":"","overlay-gradient":""},"mobile":{"background-color":"var(--ast-global-color-4)","background-image":"","background-repeat":"repeat","background-position":"center center","background-size":"auto","background-attachment":"scroll","background-type":"","background-media":"","overlay-type":"","overlay-color":"","overlay-opacity":"","overlay-gradient":""}},"footnotes":""},"class_list":["post-9373","page","type-page","status-publish","hentry"],"jetpack_sharing_enabled":true,"_links":{"self":[{"href":"https:\/\/stefanie-rose.de\/en\/wp-json\/wp\/v2\/pages\/9373","targetHints":{"allow":["GET"]}}],"collection":[{"href":"https:\/\/stefanie-rose.de\/en\/wp-json\/wp\/v2\/pages"}],"about":[{"href":"https:\/\/stefanie-rose.de\/en\/wp-json\/wp\/v2\/types\/page"}],"author":[{"embeddable":true,"href":"https:\/\/stefanie-rose.de\/en\/wp-json\/wp\/v2\/users\/1"}],"replies":[{"embeddable":true,"href":"https:\/\/stefanie-rose.de\/en\/wp-json\/wp\/v2\/comments?post=9373"}],"version-history":[{"count":2,"href":"https:\/\/stefanie-rose.de\/en\/wp-json\/wp\/v2\/pages\/9373\/revisions"}],"predecessor-version":[{"id":9377,"href":"https:\/\/stefanie-rose.de\/en\/wp-json\/wp\/v2\/pages\/9373\/revisions\/9377"}],"wp:attachment":[{"href":"https:\/\/stefanie-rose.de\/en\/wp-json\/wp\/v2\/media?parent=9373"}],"curies":[{"name":"wp","href":"https:\/\/api.w.org\/{rel}","templated":true}]}}