{"id":9362,"date":"2025-02-05T19:56:31","date_gmt":"2025-02-05T19:56:31","guid":{"rendered":"https:\/\/stefanie-rose.de\/?page_id=9362"},"modified":"2025-02-05T20:36:02","modified_gmt":"2025-02-05T20:36:02","slug":"sami-hamed","status":"publish","type":"page","link":"https:\/\/stefanie-rose.de\/en\/sami-hamed\/","title":{"rendered":"Sami Hamed"},"content":{"rendered":"<div class=\"wp-block-media-text is-stacked-on-mobile\" style=\"grid-template-columns:27% auto\"><figure class=\"wp-block-media-text__media\"><img loading=\"lazy\" decoding=\"async\" width=\"683\" height=\"1024\" src=\"https:\/\/stefanie-rose.de\/wp-content\/uploads\/2025\/02\/c8b9db6c-5789-4d39-92cd-4b438bd0b55e-683x1024.jpeg\" alt=\"\" class=\"wp-image-9359 size-full\" srcset=\"https:\/\/stefanie-rose.de\/wp-content\/uploads\/2025\/02\/c8b9db6c-5789-4d39-92cd-4b438bd0b55e-683x1024.jpeg 683w, https:\/\/stefanie-rose.de\/wp-content\/uploads\/2025\/02\/c8b9db6c-5789-4d39-92cd-4b438bd0b55e-200x300.jpeg 200w, https:\/\/stefanie-rose.de\/wp-content\/uploads\/2025\/02\/c8b9db6c-5789-4d39-92cd-4b438bd0b55e-768x1152.jpeg 768w, https:\/\/stefanie-rose.de\/wp-content\/uploads\/2025\/02\/c8b9db6c-5789-4d39-92cd-4b438bd0b55e-1024x1536.jpeg 1024w, https:\/\/stefanie-rose.de\/wp-content\/uploads\/2025\/02\/c8b9db6c-5789-4d39-92cd-4b438bd0b55e.jpeg 1067w\" sizes=\"auto, (max-width: 683px) 100vw, 683px\" \/><\/figure><div class=\"wp-block-media-text__content\">\n<p><br \/>Ich bin Sami Hamed, und seit 25 Jahren begleitet mich Capoeira \u2013 nicht nur als Kampfkunst, sondern als Ausdruck von Bewegung, Kultur und Identit\u00e4t. Seit 2012 unterrichte ich in Frankfurt am Main, wo ich meinen Fokus auf funktionale und physiologische Bewegung setze. F\u00fcr mich geht es nicht nur um Technik, sondern darum, zu verstehen, warum wir uns bewegen, wie wir uns bewegen. Mein Hintergrund in Kulturanthropologie hilft mir dabei, Capoeira in einem gr\u00f6\u00dferen Zusammenhang zu sehen: als eine Form des k\u00f6rperlichen Ausdrucks, die tief mit Geschichte, Gemeinschaft und Bewusstsein verbunden ist. In meinen Workshops verbinde ich Technik mit einem tieferen Verst\u00e4ndnis f\u00fcr K\u00f6rper und Kultur \u2013 und lade dazu ein, Capoeira nicht nur zu \u00fcben, sondern zu erleben.<\/p>\n<\/div><\/div>\n\n\n\n<p><\/p>","protected":false},"excerpt":{"rendered":"<p>Ich bin Sami Hamed, und seit 25 Jahren begleitet mich Capoeira \u2013 nicht nur als Kampfkunst, sondern als Ausdruck von [&hellip;]<\/p>","protected":false},"author":1,"featured_media":0,"parent":0,"menu_order":0,"comment_status":"closed","ping_status":"closed","template":"","meta":{"site-sidebar-layout":"default","site-content-layout":"","ast-site-content-layout":"default","site-content-style":"default","site-sidebar-style":"default","ast-global-header-display":"","ast-banner-title-visibility":"","ast-main-header-display":"","ast-hfb-above-header-display":"","ast-hfb-below-header-display":"","ast-hfb-mobile-header-display":"","site-post-title":"","ast-breadcrumbs-content":"","ast-featured-img":"","footer-sml-layout":"","theme-transparent-header-meta":"","adv-header-id-meta":"","stick-header-meta":"","header-above-stick-meta":"","header-main-stick-meta":"","header-below-stick-meta":"","astra-migrate-meta-layouts":"default","ast-page-background-enabled":"default","ast-page-background-meta":{"desktop":{"background-color":"var(--ast-global-color-5)","background-image":"","background-repeat":"repeat","background-position":"center center","background-size":"auto","background-attachment":"scroll","background-type":"","background-media":"","overlay-type":"","overlay-color":"","overlay-opacity":"","overlay-gradient":""},"tablet":{"background-color":"","background-image":"","background-repeat":"repeat","background-position":"center center","background-size":"auto","background-attachment":"scroll","background-type":"","background-media":"","overlay-type":"","overlay-color":"","overlay-opacity":"","overlay-gradient":""},"mobile":{"background-color":"","background-image":"","background-repeat":"repeat","background-position":"center center","background-size":"auto","background-attachment":"scroll","background-type":"","background-media":"","overlay-type":"","overlay-color":"","overlay-opacity":"","overlay-gradient":""}},"ast-content-background-meta":{"desktop":{"background-color":"var(--ast-global-color-4)","background-image":"","background-repeat":"repeat","background-position":"center center","background-size":"auto","background-attachment":"scroll","background-type":"","background-media":"","overlay-type":"","overlay-color":"","overlay-opacity":"","overlay-gradient":""},"tablet":{"background-color":"var(--ast-global-color-4)","background-image":"","background-repeat":"repeat","background-position":"center center","background-size":"auto","background-attachment":"scroll","background-type":"","background-media":"","overlay-type":"","overlay-color":"","overlay-opacity":"","overlay-gradient":""},"mobile":{"background-color":"var(--ast-global-color-4)","background-image":"","background-repeat":"repeat","background-position":"center center","background-size":"auto","background-attachment":"scroll","background-type":"","background-media":"","overlay-type":"","overlay-color":"","overlay-opacity":"","overlay-gradient":""}},"footnotes":""},"class_list":["post-9362","page","type-page","status-publish","hentry"],"jetpack_sharing_enabled":true,"_links":{"self":[{"href":"https:\/\/stefanie-rose.de\/en\/wp-json\/wp\/v2\/pages\/9362","targetHints":{"allow":["GET"]}}],"collection":[{"href":"https:\/\/stefanie-rose.de\/en\/wp-json\/wp\/v2\/pages"}],"about":[{"href":"https:\/\/stefanie-rose.de\/en\/wp-json\/wp\/v2\/types\/page"}],"author":[{"embeddable":true,"href":"https:\/\/stefanie-rose.de\/en\/wp-json\/wp\/v2\/users\/1"}],"replies":[{"embeddable":true,"href":"https:\/\/stefanie-rose.de\/en\/wp-json\/wp\/v2\/comments?post=9362"}],"version-history":[{"count":2,"href":"https:\/\/stefanie-rose.de\/en\/wp-json\/wp\/v2\/pages\/9362\/revisions"}],"predecessor-version":[{"id":9385,"href":"https:\/\/stefanie-rose.de\/en\/wp-json\/wp\/v2\/pages\/9362\/revisions\/9385"}],"wp:attachment":[{"href":"https:\/\/stefanie-rose.de\/en\/wp-json\/wp\/v2\/media?parent=9362"}],"curies":[{"name":"wp","href":"https:\/\/api.w.org\/{rel}","templated":true}]}}