{"id":8560,"date":"2023-12-31T06:34:43","date_gmt":"2023-12-31T06:34:43","guid":{"rendered":"https:\/\/stefanie-rose.de\/?page_id=8560"},"modified":"2025-01-14T21:49:43","modified_gmt":"2025-01-14T21:49:43","slug":"groundmovement","status":"publish","type":"page","link":"https:\/\/stefanie-rose.de\/en\/groundmovement\/","title":{"rendered":"Groundmovement"},"content":{"rendered":"<p><strong>mit Lukas Robitschko<\/strong><\/p>\n\n\n\n<p><br \/>Lukas kommt urspr\u00fcnglich aus dem Tanzbereich und ist aktiver T\u00e4nzer seit 2001. Vor ca. 15 Jahren begann er mit der intensiven Auseinandersetzung mit freien und fl\u00fcssigen Bewegungen am Boden. Gro\u00dfen Interesse erweckte bei ihm dabei besonders der meditative Zustand beim Ausf\u00fchren dieser Bewegungen. Beeinflusst durch die Movement Culture, durch zeitgen\u00f6ssischen Tanz und Tai-Chi entwickelte er die letzten zwei Jahre sein Programm \u201eGroundmovement by Lukas Robitschko\u201c, das vom Dachverband Tanz Deutschland und der Neustart Kultur finanziell gef\u00f6rdert wurde. Dieses wurde im Mai 2022 ver\u00f6ffentlicht. Inhalt des Kurses ist das Erarbeiten von freien Bewegungen am Boden durch Bewegungspatterns und Kreativ-Konzepte. Die Bewegungen k\u00f6nnen in unterschiedliche Tanz- und Bewegungsstile integriert werden, m\u00fcssen es aber nicht, sondern eignen sich in erster Linie zur aktiven und kreativen Auseinandersetzung mit K\u00f6rper und Geist.&nbsp;<\/p>\n\n\n\n<p>Der Kurs ist f\u00fcr jeden der Spa\u00df an der Bewegung hat. Mit und ohne Vorkenntnisse.<\/p>\n\n\n\n<p><strong>Wann<\/strong>&nbsp;Samstag, 15.02.25 11-17Uhr<\/p>\n\n\n\n<p><strong>Price\n2 days: \u20ac60\n1 day: \u20ac40<\/strong>&nbsp;<strong>100\u20ac <\/strong>| (<strong>80<\/strong>\u20ac Geringverdiener, Studierende, Auszubildende, Rentner, Schwerbehinderung)<\/p>\n\n\n\n<p><strong>Wo<\/strong>\u00a0Waldorfschule Darmstadt Arndtstr. 6, 64297 Darmstadt \u2013 im alten Saal<\/p>\n\n\n\n<div class=\"wp-block-buttons is-layout-flex wp-block-buttons-is-layout-flex\">\n<div class=\"wp-block-button\"><a class=\"wp-block-button__link wp-element-button\" href=\"https:\/\/forms.gle\/NpHxwUzuz3tF9Lwg6\">ANMELDUNG<\/a><\/div>\n<\/div>\n\n\n\n<p><\/p>\n\n\n\n<div class=\"wp-block-cover\"><span aria-hidden=\"true\" class=\"wp-block-cover__background has-background-dim\"><\/span><video class=\"wp-block-cover__video-background intrinsic-ignore\" autoplay muted loop playsinline src=\"https:\/\/stefanie-rose.de\/wp-content\/uploads\/2024\/01\/ba89156ca6914b33893a6149aefc5372-1.mp4\" data-object-fit=\"cover\"><\/video><div class=\"wp-block-cover__inner-container is-layout-constrained wp-block-cover-is-layout-constrained\">\n<p class=\"has-text-align-center has-large-font-size\">GROUNDMOVEMENT<\/p>\n<\/div><\/div>","protected":false},"excerpt":{"rendered":"<p>mit Lukas Robitschko Lukas kommt urspr\u00fcnglich aus dem Tanzbereich und ist aktiver T\u00e4nzer seit 2001. Vor ca. 15 Jahren begann [&hellip;]<\/p>","protected":false},"author":1,"featured_media":0,"parent":0,"menu_order":0,"comment_status":"closed","ping_status":"closed","template":"","meta":{"site-sidebar-layout":"default","site-content-layout":"","ast-site-content-layout":"default","site-content-style":"default","site-sidebar-style":"default","ast-global-header-display":"","ast-banner-title-visibility":"","ast-main-header-display":"","ast-hfb-above-header-display":"","ast-hfb-below-header-display":"","ast-hfb-mobile-header-display":"","site-post-title":"","ast-breadcrumbs-content":"","ast-featured-img":"","footer-sml-layout":"","theme-transparent-header-meta":"","adv-header-id-meta":"","stick-header-meta":"","header-above-stick-meta":"","header-main-stick-meta":"","header-below-stick-meta":"","astra-migrate-meta-layouts":"default","ast-page-background-enabled":"default","ast-page-background-meta":{"desktop":{"background-color":"var(--ast-global-color-5)","background-image":"","background-repeat":"repeat","background-position":"center center","background-size":"auto","background-attachment":"scroll","background-type":"","background-media":"","overlay-type":"","overlay-color":"","overlay-opacity":"","overlay-gradient":""},"tablet":{"background-color":"","background-image":"","background-repeat":"repeat","background-position":"center center","background-size":"auto","background-attachment":"scroll","background-type":"","background-media":"","overlay-type":"","overlay-color":"","overlay-opacity":"","overlay-gradient":""},"mobile":{"background-color":"","background-image":"","background-repeat":"repeat","background-position":"center center","background-size":"auto","background-attachment":"scroll","background-type":"","background-media":"","overlay-type":"","overlay-color":"","overlay-opacity":"","overlay-gradient":""}},"ast-content-background-meta":{"desktop":{"background-color":"var(--ast-global-color-4)","background-image":"","background-repeat":"repeat","background-position":"center center","background-size":"auto","background-attachment":"scroll","background-type":"","background-media":"","overlay-type":"","overlay-color":"","overlay-opacity":"","overlay-gradient":""},"tablet":{"background-color":"var(--ast-global-color-4)","background-image":"","background-repeat":"repeat","background-position":"center center","background-size":"auto","background-attachment":"scroll","background-type":"","background-media":"","overlay-type":"","overlay-color":"","overlay-opacity":"","overlay-gradient":""},"mobile":{"background-color":"var(--ast-global-color-4)","background-image":"","background-repeat":"repeat","background-position":"center center","background-size":"auto","background-attachment":"scroll","background-type":"","background-media":"","overlay-type":"","overlay-color":"","overlay-opacity":"","overlay-gradient":""}},"footnotes":""},"class_list":["post-8560","page","type-page","status-publish","hentry"],"jetpack_sharing_enabled":true,"_links":{"self":[{"href":"https:\/\/stefanie-rose.de\/en\/wp-json\/wp\/v2\/pages\/8560","targetHints":{"allow":["GET"]}}],"collection":[{"href":"https:\/\/stefanie-rose.de\/en\/wp-json\/wp\/v2\/pages"}],"about":[{"href":"https:\/\/stefanie-rose.de\/en\/wp-json\/wp\/v2\/types\/page"}],"author":[{"embeddable":true,"href":"https:\/\/stefanie-rose.de\/en\/wp-json\/wp\/v2\/users\/1"}],"replies":[{"embeddable":true,"href":"https:\/\/stefanie-rose.de\/en\/wp-json\/wp\/v2\/comments?post=8560"}],"version-history":[{"count":25,"href":"https:\/\/stefanie-rose.de\/en\/wp-json\/wp\/v2\/pages\/8560\/revisions"}],"predecessor-version":[{"id":9311,"href":"https:\/\/stefanie-rose.de\/en\/wp-json\/wp\/v2\/pages\/8560\/revisions\/9311"}],"wp:attachment":[{"href":"https:\/\/stefanie-rose.de\/en\/wp-json\/wp\/v2\/media?parent=8560"}],"curies":[{"name":"wp","href":"https:\/\/api.w.org\/{rel}","templated":true}]}}