{"id":8539,"date":"2023-12-22T12:40:41","date_gmt":"2023-12-22T12:40:41","guid":{"rendered":"https:\/\/stefanie-rose.de\/?page_id=8539"},"modified":"2023-12-22T12:40:44","modified_gmt":"2023-12-22T12:40:44","slug":"agb","status":"publish","type":"page","link":"https:\/\/stefanie-rose.de\/en\/agb\/","title":{"rendered":"AGB"},"content":{"rendered":"<h2 class=\"wp-block-heading\"><\/h2>\n\n\n\n<p><strong>Geltungsbereich<\/strong><\/p>\n\n\n\n<p>MovementArt Darmstadt veranstaltet in unterschiedlichen R\u00e4umlichkeiten in Darmstadt Trainings, Kurse, Workshops, Events.<\/p>\n\n\n\n<p>Voraussetzung f\u00fcr die Teilnahme der Angebote ist die Anerkennung dieser Allgemeinen Gesch\u00e4ftsbedingungen mit den hierin niedergelegten Teilnahmeregeln.&nbsp;<\/p>\n\n\n\n<p><strong>Vertragsbedingungen Sportbereich<\/strong><\/p>\n\n\n\n<p>Benutzungsberechtigung<\/p>\n\n\n\n<ol class=\"wp-block-list\">\n<li>Das MovementArt Darmstadt Angebot erfordert ein hohes Ma\u00df an Vorsicht und Eigenverantwortung der Teilnehmer.<\/li>\n\n\n\n<li>Die Veranstaltungen sind f\u00fcr alle Personen zug\u00e4nglich, die nicht an einer Krankheit oder einer psychischen oder physischen Beeintr\u00e4chtigung leiden, die eine Gefahr f\u00fcr die eigene Gesundheit oder andere Personen darstellen k\u00f6nnte. Schwangeren wird von der Teilnahme ohne \u00e4rztliche R\u00fccksprache abgeraten. F\u00fcr Personen unter Alkohol- oder Drogeneinfluss besteht ein generelles Teilnahmeverbot.<\/li>\n\n\n\n<li>Minderj\u00e4hrige bis zum vollendeten 14. Lebensjahr d\u00fcrfen bei den Events nur unter Aufsicht eines Erziehungsberechtigten oder einer sonstigen vollj\u00e4hrigen Person teilnehmen, der die Aufsichtspflicht \u00fcbertragen wurde; eine schriftliche Einverst\u00e4ndniserkl\u00e4rung der Erziehungsberechtigten ist vorzulegen.<\/li>\n\n\n\n<li>Minderj\u00e4hrige ab dem 15. Lebensjahr d\u00fcrfen an den Veranstaltungen ohne Begleitung einer Aufsichtsperson benutzen, sofern sie eine schriftliche Einverst\u00e4ndniserkl\u00e4rung der Erziehungsberechtigten vorlegen.<\/li>\n\n\n\n<li>Minderj\u00e4hrige Teilnehmer einer Gruppenveranstaltung d\u00fcrfen die Veranstaltung nur unter Aufsicht einer vollj\u00e4hrigen Person (Begleitperson f\u00fcr Gruppen) teilnehmen, der die Aufsichtspflicht \u00fcbertragen wurde. Die Gruppenleitung hat der MovementArt Darmstadt eine vollst\u00e4ndige Liste mit den Namen aller minderj\u00e4hrigen Gruppenmitglieder vorzulegen. Die Gruppenleitung best\u00e4tigt durch Unterschrift, dass sie f\u00fcr alle minderj\u00e4hrigen Teilnehmer weisungsbefugt und aufsichtspflichtig ist. Der Kunde ist daf\u00fcr verantwortlich, dass Teilnahmeregeln von den Kunden in allen Punkten beachtet und eingehalten werden.<\/li>\n\n\n\n<li>Jeder Kunde unterliegt der Weisungsbefugnis des von MovementArt Darmstadt zur Verf\u00fcgung gestellten Personals..<\/li>\n<\/ol>\n\n\n\n<p>Preise, Zahlung, Stornierung, K\u00fcndigung<\/p>\n\n\n\n<ol class=\"wp-block-list\">\n<li>Die Teilnahme an den Veranstlungen von MovementArt Darmstadt bzw. die Inanspruchnahme der Angebote von MovementArt Darmstadt sind kostenpflichtig.<\/li>\n\n\n\n<li>Die aktuell g\u00fcltigen Preise ergeben sich aus den jeweils ausgewiesenen Preisen auf der Homepage. \u00c4nderungen der Preisstruktur beh\u00e4lt sich MoveentArt Darmstdt vor. Bei Abos kommen \u00c4nderungen der Preisstruktur w\u00e4hrend der Laufzeit nicht zum Tragen.<\/li>\n\n\n\n<li>Erm\u00e4\u00dfigte Tarife (s. Ziffer 2.2.4) werden unmittelbar nach Ablauf der Erm\u00e4\u00dfigungs-berechtigung in den jeweils g\u00fcltigen Normaltarif umgewandelt. Es fallen diesbez\u00fcglich keinerlei Umstellungskosten an. Der Kunde ist verpflichtet, dem Betreiber den Wegfall der Erm\u00e4\u00dfigungsberechtigung unverz\u00fcglich schriftlich mitzuteilen.<\/li>\n\n\n\n<li>Erm\u00e4\u00dfigungsberechtigt sind Minderj\u00e4hrige, Studenten, Auszubildende, Rentner und Schwerbehinderte. Als Nachweis f\u00fcr die Erm\u00e4\u00dfigungsberechtigung ist eine entsprechende Bescheinigung (z.B. Personalausweis, Studentenausweis, Schwerbehindertennachweis o.\u00e4.) ohne Aufforderung vorzulegen.<\/li>\n\n\n\n<li>Erm\u00e4\u00dfigungsberechtigte Kunden m\u00fcssen w\u00e4hrend ihres Aufenthaltes neben der g\u00fcltigen Eintritts- oder Mitgliedskarte den Berechtigungsnachweis f\u00fcr eine Erm\u00e4\u00dfigung jederzeit vorlegen k\u00f6nnen.&nbsp;<\/li>\n\n\n\n<li>Den Beleg \u00fcber die vollst\u00e4ndige Entrichtung des Eintrittspreises muss jeder Kunde w\u00e4hrend der Dauer seines Aufenthaltes der Veranstaltung jederzeit vorlegen k\u00f6nnen..<\/li>\n\n\n\n<li>Fehlbuchungskosten, die auf der fehlerhaften Angabe der Kontoverbindung beruhen bzw. R\u00fcckbuchungsgeb\u00fchren, die mangels Deckung des Kontos erfolgen, gehen zu Lasten des Kunden.<\/li>\n\n\n\n<li>MovementArt Darmstadt ist berechtigt, die Forderungen aus Mitgliedsvertr\u00e4gen an Dritte abzutreten. MovementArt Darmstadt ist auch berechtigt, Dritte mit der Durchf\u00fchrung des Abrechnungsverfahrens (Rechnungsstellung, Forderungsmanagement) zu beauftragen und hierzu notwendige Daten an diese weiterzugeben.<\/li>\n\n\n\n<li>Die Stornokosten eines gebuchten Events setzen sich folgenderma\u00dfen zusammen:&nbsp;<\/li>\n<\/ol>\n\n\n\n<ul class=\"wp-block-list\">\n<li><strong>Bis zu 2 Wochen (14 Tage) vor einem Event, kann kostenfrei storniert werden. 2 Wochen vor dem Event (14 Tage) werden 50% der Buchungskosten als Aufwandsentsch\u00e4digung einbehalten. 1 Wochen (7 Tage) vor dem Event ist keine Erstattung mehr m\u00f6glich.&nbsp;<\/strong><\/li>\n<\/ul>\n\n\n\n<ol class=\"wp-block-list\">\n<li>Die \u00dcbertragung von Tagestickets ist von einer Person auf eine andere Person m\u00f6glich.<\/li>\n<\/ol>\n\n\n\n<p>\u00d6ffnungszeiten<\/p>\n\n\n\n<p>Die Kunden sind berechtigt, das von ihnen bezahlte Angebot w\u00e4hrend der offiziellen Veranstaltungszeit zu nutzen. Die Kurszeiten sind je nach Veranstaltung festgelegt.&nbsp;&nbsp;<\/p>\n\n\n\n<p>Teilnahmeberechtigung<\/p>\n\n\n\n<ol class=\"wp-block-list\">\n<li>Teilnahmeberei\u00fcchtigt sind nur als Kunden angemeldete Personen, die den korrekten Teilnahmepreis entrichtet haben und sich an der Anmeldung eingecheckt haben. Die&nbsp;<\/li>\n\n\n\n<li>Minderj\u00e4hrige zwischen 4 und 7 Jahren d\u00fcrfen unter Aufsicht eines Erziehungsberechtigten oder einer sonstigen zur Aufsicht bevollm\u00e4chtigten Person am Angebot teilnehmen.&nbsp;<\/li>\n\n\n\n<li>Minderj\u00e4hrige ab der Vollendung des 8. Lebensjahres d\u00fcrfen unter Aufsicht eines Erziehungsberechtigten oder einer sonstigen zur Aufsicht bevollm\u00e4chtigten Person teilnehmen.<\/li>\n\n\n\n<li>Minderj\u00e4hrige ab der Vollendung des 14. Lebensjahres d\u00fcrfen auch ohne Begleitung, jedoch nach Vorlage einer entsprechenden schriftlichen Einverst\u00e4ndniserkl\u00e4rung der Erziehungsberechtigten am Angebot teilnehmen.&nbsp;<\/li>\n<\/ol>\n\n\n\n<p>Benutzungsregeln, Anzeigepflicht<\/p>\n\n\n\n<ol class=\"wp-block-list\">\n<li>Das Bewegungsangebot von MovementArt Darmstadt besteht zum Teil aus ein Angebot mit erh\u00f6htem Verletzungsrisiko, die aufgrund der Gefahr ein hohes Ma\u00df an Umsicht und Eigenverantwortung erfordern. Der Umfang der Eigenverantwortlichkeit wird insbesondere durch die nachfolgenden Regeln bestimmt, die jeder Kunde der Veranstaltungen von MovementArt Darmstadt zu beachten hat, um m\u00f6gliche Gefahren f\u00fcr sich und andere zu minimieren. Bleibt der Kunde der Sicherheitseinweisung fern, tr\u00e4gt er die volle Eigenverantwortung.<\/li>\n\n\n\n<li>Jeder Teilnehmer hat gr\u00f6\u00dftm\u00f6gliche R\u00fccksicht auf die anderen Teilnehmer zu nehmen und alles zu unterlassen, was zu einer Gef\u00e4hrdung f\u00fcr sich oder Dritte f\u00fchren k\u00f6nnte. Jeder Teilnehmer hat damit zu rechnen, dass er durch andere Kunden oder herabfallende Gegenst\u00e4nde gef\u00e4hrdet werden k\u00f6nnte und hat eigenverantwortlich entsprechende Vorsorge zu treffen.&nbsp;<\/li>\n\n\n\n<li>Jeder Unfall ist dem Personal von MovementArt Darmstadt unverz\u00fcglich zur Protokollierung anzuzeigen.&nbsp;<\/li>\n\n\n\n<li>Sachsch\u00e4den sind ebenfalls unverz\u00fcglich und vor dem Verlassen der Sportanlage dem Personal von MovementArt Darmstadt anzuzeigen und ggf. zu protokollieren.&nbsp;<\/li>\n<\/ol>\n\n\n\n<p><strong>Hallenregeln<\/strong><\/p>\n\n\n\n<ol class=\"wp-block-list\">\n<li>Die Einrichtung der Hallen darf vom Kunden weder neu angebracht noch ver\u00e4ndert oder beseitigt werden. Lose oder besch\u00e4digte Einrichtungen sind dem Personal umgehend zu melden.<\/li>\n\n\n\n<li>S\u00e4mtliche Sportbereiche d\u00fcrfen nur mit sauberen Hallenturnschuhen oder Barfu\u00df betreten werden.&nbsp;<\/li>\n\n\n\n<li>Die Sportanlage und das Gel\u00e4nde um die Veranstaltungsr\u00e4umen sind sauber zu halten und sorgsam zu behandeln. Abf\u00e4lle (auch Zigarettenstummel) sind in die vorhandenen Abfallbeh\u00e4lter zu werfen.<\/li>\n\n\n\n<li>Das Mitnehmen von Tieren zu den Veranstaltungen ist verboten.<\/li>\n\n\n\n<li>Fahrr\u00e4der m\u00fcssen vor der Sportanlage abgestellt werden. Sie d\u00fcrfen nicht mit in die Sportanlage genommen werden. Eine Haftung f\u00fcr Besch\u00e4digung oder Diebstahl wird nicht \u00fcbernommen.<\/li>\n\n\n\n<li>Offenes Feuer ist in der Sportanlage untersagt. Das Rauchen ist in s\u00e4mtlichen Halleninnenbereichen untersagt.<\/li>\n\n\n\n<li>R\u00fccksichtnahme, Fairness, Verantwortung und ein respektvoller Umgang sind selbstverst\u00e4ndlich.<\/li>\n\n\n\n<li>Jeder ist zur Hilfeleistung, Vermeidung von (Unfall-)gefahren und zur Unterst\u00fctzung bei Unfallhilfe verpflichtet.<\/li>\n\n\n\n<li>Handys und Kopfh\u00f6rer beeintr\u00e4chtigen die Aufmerksamkeit und sollen gewissenhaft verwendet oder vermieden werden.<\/li>\n\n\n\n<li>Den Anweisungen des MovemenArt Darmstadt Personals ist Folge zu leisten.&nbsp;<\/li>\n<\/ol>\n\n\n\n<p><strong>Haftung<\/strong><\/p>\n\n\n\n<ol class=\"wp-block-list\">\n<li>Soweit sich aus diesen AGB einschlie\u00dflich der nachfolgenden Bestimmungen nichts anderes ergibt, haftet MovementArt Darmstadt bei einer Verletzung von vertraglichen und au\u00dfervertraglichen Pflichten nach den gesetzlichen Vorschriften.<\/li>\n\n\n\n<li>Auf Schadensersatz haftet MovementArt Darmstadt \u2013 gleich aus welchem Rechtsgrund \u2013 im Rahmen der Verschuldenshaftung bei Vorsatz und grober Fahrl\u00e4ssigkeit. Bei einfacher Fahrl\u00e4ssigkeit haftet MovementArt Darmstadt vorbehaltlich eines milderen Haftungsma\u00dfstabs nach den gesetzlichen Vorschriften (z.B. f\u00fcr Sorgfalt in eigenen Angelegenheiten) nur f\u00fcr Sch\u00e4den aus der Verletzung des Lebens, des K\u00f6rpers oder der Gesundheit, f\u00fcr Sch\u00e4den aus der nicht unerheblichen Verletzung einer wesentlichen Vertragspflicht (sog. Kardinalspflicht: Verpflichtung, deren Erf\u00fcllung die ordnungsgem\u00e4\u00dfe Durchf\u00fchrung des Vertrags \u00fcberhaupt erst erm\u00f6glicht und auf deren Einhaltung der Kunde regelm\u00e4\u00dfig vertraut und vertrauen darf); in diesem Fall ist die Haftung jedoch auf den Ersatz des vorhersehbaren, typischerweise eintretenden Schadens begrenzt.&nbsp;<\/li>\n\n\n\n<li>Die sich aus Ziffer 4.2 ergebenden Haftungsbeschr\u00e4nkungen gelten auch bei Pflichtverletzungen durch bzw. zugunsten von Personen, deren Verschulden MovementArt Darmstdt nach gesetzlichen Vorschriften zu vertreten hat. Sie gelten nicht, soweit MovementArt Darmstadt einen Mangel arglistig verschwiegen hat.<\/li>\n\n\n\n<li>Die vorstehenden Haftungsregelungen gelten insbesondere auch f\u00fcr den Verlust, Diebstahl usw. von Sachen, die von dem Kunden oder anderen Kunden mitgebracht wurden. Dies gilt insbesondere auch f\u00fcr die Garderobe, Umkleide, Wertsachen und andere Gegenst\u00e4nde.<\/li>\n\n\n\n<li>Zur\u00fcckgelassene und aufgefundene Sachen werden nur auf Anfrage, Risiko und Kosten des Kunden nachgesandt. Die Sachen werden drei Monate aufbewahrt; danach werden sie, sofern ein erkennbarer Wert besteht, einer sozialen Einrichtung \u00fcbergeben oder vernichtet.<\/li>\n<\/ol>\n\n\n\n<p><strong>Schriftform, Rechtswahl, Gerichtsstand, Salvatorische Klausel<\/strong><\/p>\n\n\n\n<ol class=\"wp-block-list\">\n<li>S\u00e4mtliche \u00c4nderungen und Erg\u00e4nzungen dieser AGB bed\u00fcrfen der Schriftform; dies gilt auch f\u00fcr den Verzicht auf das Schriftformerfordernis selbst. M\u00fcndliche Nebenabreden wurden nicht getroffen, haben aber stets Vorrang vor diesen AGB.<\/li>\n\n\n\n<li>Der Betreiber beh\u00e4lt sich die Anpassung oder \u00c4nderung dieser AGB oder einzelner Klauseln vor, soweit dies wegen einer Gesetzes\u00e4nderung, einer \u00c4nderung der Rechtsprechung oder einer Ver\u00e4nderung der wirtschaftlichen Verh\u00e4ltnisse erforderlich ist. In diesem Fall wird der Betreiber den Kunden \u00fcber die beabsichtigte Anpassung bzw. \u00c4nderung schriftlich informieren. Der Kunde kann der Geltung der neuen AGB innerhalb von sechs (6) Wochen nach Erhalt der Information hier\u00fcber widersprechen. Widerspricht der Kunde nicht oder nicht fristgem\u00e4\u00df, gilt dies als Zustimmung zur Einbeziehung der neuen AGB. Der Betreiber wird den Kunden bei seiner Information nach Satz 2 zugleich auch auf dessen Widerspruchsrecht hinweisen und \u00fcber die Folgen einer unterbliebenen Reaktion aufkl\u00e4ren.<\/li>\n\n\n\n<li>Soweit schriftliche Erkl\u00e4rungen, Mitteilungen oder Anzeigen abzugeben sind, gen\u00fcgt eine \u00dcbermittlung per Telefax, per E-Mail mit Scan der unterzeichneten Erkl\u00e4rung oder per einfachem Brief. Allgemeine Gesch\u00e4ftsbedingungen MovementArt Darmstadt inkl. Benutzerordnung &amp; Hallenregeln Stand 2.2.2023.&nbsp; Auf das Vertragsverh\u00e4ltnis zwischen MovementArt Darmstadt und dem Kunden findet ausschlie\u00dflich das Recht der Bundesrepublik Deutschland Anwendung.<\/li>\n\n\n\n<li>MovementArt Darmstadt ist stets berechtigt, bei den f\u00fcr den Sitz des Kunden zust\u00e4ndigen Gerichten zu klagen. Dar\u00fcber hinaus sind bei allen aus oder im Zusammenhang mit dem Vertragsverh\u00e4ltnis entstehenden Streitigkeiten die f\u00fcr den Gesch\u00e4ftssitz von MovementArt Darmstadt zust\u00e4ndigen Gerichte ausschlie\u00dflich zust\u00e4ndig, wenn der Kunde Kaufmann ist.<\/li>\n\n\n\n<li>Sollten einzelne Bestimmungen dieses Vertrages unwirksam oder undurchf\u00fchrbar sein oder nach Vertragsschluss unwirksam oder undurchf\u00fchrbar werden, bleibt davon die Wirksamkeit des Vertrages im \u00dcbrigen unber\u00fchrt.<\/li>\n<\/ol>\n\n\n\n<p><strong>H\u00f6here Gewalt \/ Pandemie-Klausel<\/strong><\/p>\n\n\n\n<ol class=\"wp-block-list\">\n<li>Als h\u00f6here Gewalt gilt folgende Regelung: Ein von au\u00dfen kommendem, unvorhersehbarem und unbeherrschbarem au\u00dfergew\u00f6hnlichem Ereignis, das auch durch \u00e4u\u00dferste Sorgfalt nicht verh\u00fctet bzw. abgewendet werden kann (z.B. Blitzschlag, Erdbeben, Pandemie). Im Falle einer Pandemie (wie bei COVID-19) muss durch das RKI und\/oder die WHO offiziell eine Pandemie ausgesprochen werden.<\/li>\n\n\n\n<li>Die R\u00fcckabwicklung von bereits gekauften Tickets wird vom Veranstalter (MovementArt Darmstadt) im Falle einer unm\u00f6glichen Ausf\u00fchrung angeboten.<\/li>\n\n\n\n<li>Bereits bezahlte Event-Teilnahmen k\u00f6nnen zu 100% zur\u00fcckerstattet werden. Weiterhin besteht f\u00fcr den K\u00e4ufer die Option eine Teilr\u00fcckerstattung vorzunehmen oder auf die R\u00fcckerstattung zu verzichten. Mit den verzichteten Beitr\u00e4gen, unterst\u00fctzt der K\u00e4ufer den Veranstalter mit einer Spende. Ebenso steht dem Veranstalter frei, die Option zur Verf\u00fcgung zu stellen, das Event zu verschieben. Die Tickets behalten somit ihre G\u00fcltigkeit und k\u00f6nnen auf Wunsch einfach auf den Ausweichtermin \u00fcbernommen werden.<\/li>\n\n\n\n<li>Die R\u00fcckabwicklung von bereits gebuchten Events durch eine Eventlocation, wird vom Veranstalter (MovementArt Darmstadt) im Falle einer unm\u00f6glichen Ausf\u00fchrung angeboten.<\/li>\n\n\n\n<li>Da vor einem Event nur die Anzahlung geleistet worden ist, wird diese der Eventlocation zur\u00fcckerstattet. Der Eventlocation steht es frei, freiwillig auf einen Teil der Anzahlung zu verzichten, um den bereits entstandenen Aufwand zu decken.<\/li>\n\n\n\n<li>Ebenso steht dem Veranstalter frei, die Option zur Verf\u00fcgung zu stellen, das Event zu verschieben. Die Anzahlung beh\u00e4lt somit ihre G\u00fcltigkeit und kann auf Wunsch einfach auf den Ausweichtermin \u00fcbernommen werden<\/li>\n<\/ol>","protected":false},"excerpt":{"rendered":"<p>Geltungsbereich MovementArt Darmstadt veranstaltet in unterschiedlichen R\u00e4umlichkeiten in Darmstadt Trainings, Kurse, Workshops, Events. Voraussetzung f\u00fcr die Teilnahme der Angebote ist [&hellip;]<\/p>","protected":false},"author":1,"featured_media":0,"parent":0,"menu_order":0,"comment_status":"closed","ping_status":"closed","template":"","meta":{"site-sidebar-layout":"default","site-content-layout":"","ast-site-content-layout":"default","site-content-style":"default","site-sidebar-style":"default","ast-global-header-display":"","ast-banner-title-visibility":"","ast-main-header-display":"","ast-hfb-above-header-display":"","ast-hfb-below-header-display":"","ast-hfb-mobile-header-display":"","site-post-title":"","ast-breadcrumbs-content":"","ast-featured-img":"","footer-sml-layout":"","theme-transparent-header-meta":"","adv-header-id-meta":"","stick-header-meta":"","header-above-stick-meta":"","header-main-stick-meta":"","header-below-stick-meta":"","astra-migrate-meta-layouts":"default","ast-page-background-enabled":"default","ast-page-background-meta":{"desktop":{"background-color":"var(--ast-global-color-5)","background-image":"","background-repeat":"repeat","background-position":"center center","background-size":"auto","background-attachment":"scroll","background-type":"","background-media":"","overlay-type":"","overlay-color":"","overlay-opacity":"","overlay-gradient":""},"tablet":{"background-color":"","background-image":"","background-repeat":"repeat","background-position":"center center","background-size":"auto","background-attachment":"scroll","background-type":"","background-media":"","overlay-type":"","overlay-color":"","overlay-opacity":"","overlay-gradient":""},"mobile":{"background-color":"","background-image":"","background-repeat":"repeat","background-position":"center center","background-size":"auto","background-attachment":"scroll","background-type":"","background-media":"","overlay-type":"","overlay-color":"","overlay-opacity":"","overlay-gradient":""}},"ast-content-background-meta":{"desktop":{"background-color":"var(--ast-global-color-4)","background-image":"","background-repeat":"repeat","background-position":"center center","background-size":"auto","background-attachment":"scroll","background-type":"","background-media":"","overlay-type":"","overlay-color":"","overlay-opacity":"","overlay-gradient":""},"tablet":{"background-color":"var(--ast-global-color-4)","background-image":"","background-repeat":"repeat","background-position":"center center","background-size":"auto","background-attachment":"scroll","background-type":"","background-media":"","overlay-type":"","overlay-color":"","overlay-opacity":"","overlay-gradient":""},"mobile":{"background-color":"var(--ast-global-color-4)","background-image":"","background-repeat":"repeat","background-position":"center center","background-size":"auto","background-attachment":"scroll","background-type":"","background-media":"","overlay-type":"","overlay-color":"","overlay-opacity":"","overlay-gradient":""}},"footnotes":""},"class_list":["post-8539","page","type-page","status-publish","hentry"],"jetpack_sharing_enabled":true,"_links":{"self":[{"href":"https:\/\/stefanie-rose.de\/en\/wp-json\/wp\/v2\/pages\/8539","targetHints":{"allow":["GET"]}}],"collection":[{"href":"https:\/\/stefanie-rose.de\/en\/wp-json\/wp\/v2\/pages"}],"about":[{"href":"https:\/\/stefanie-rose.de\/en\/wp-json\/wp\/v2\/types\/page"}],"author":[{"embeddable":true,"href":"https:\/\/stefanie-rose.de\/en\/wp-json\/wp\/v2\/users\/1"}],"replies":[{"embeddable":true,"href":"https:\/\/stefanie-rose.de\/en\/wp-json\/wp\/v2\/comments?post=8539"}],"version-history":[{"count":2,"href":"https:\/\/stefanie-rose.de\/en\/wp-json\/wp\/v2\/pages\/8539\/revisions"}],"predecessor-version":[{"id":8977,"href":"https:\/\/stefanie-rose.de\/en\/wp-json\/wp\/v2\/pages\/8539\/revisions\/8977"}],"wp:attachment":[{"href":"https:\/\/stefanie-rose.de\/en\/wp-json\/wp\/v2\/media?parent=8539"}],"curies":[{"name":"wp","href":"https:\/\/api.w.org\/{rel}","templated":true}]}}