{"id":8095,"date":"2023-08-24T05:46:41","date_gmt":"2023-08-24T05:46:41","guid":{"rendered":"https:\/\/stefanie-rose.de\/?page_id=8095"},"modified":"2023-08-27T19:26:46","modified_gmt":"2023-08-27T19:26:46","slug":"anmeldung-2","status":"publish","type":"page","link":"https:\/\/stefanie-rose.de\/en\/anmeldung-2\/","title":{"rendered":"Sign up"},"content":{"rendered":"<p>Schreib mir eine Mail an <a href=\"mailto:inBewegung@gmx.de\">inBewegung@gmx.de<\/a> mit dem Betreff an welchem Kurs oder Workshop du teilnehmen m\u00f6chtest. Am liebsten aber direkt \u00fcber das Anmeldeformular:<\/p>\n\n\n\n<div class=\"wp-block-buttons is-content-justification-center is-layout-flex wp-container-core-buttons-is-layout-a89b3969 wp-block-buttons-is-layout-flex\">\n<div class=\"wp-block-button\"><a class=\"wp-block-button__link wp-element-button\" href=\"https:\/\/forms.gle\/NPP1yfbfQJauwZMr9\"><mark style=\"background-color:rgba(0, 0, 0, 0)\" class=\"has-inline-color has-light-green-cyan-color\">ANMELDUNG<\/mark><\/a><\/div>\n<\/div>\n\n\n\n<p><\/p>\n\n\n\n<p>Die Anmeldung wird rechtskr\u00e4ftig, wenn sie per Mail bei mir eingegangen und die Kursgeb\u00fchr auf dem mein Konto eingegangen ist. Eine Benachrichtigung erfolgt bei \u00dcberbelegung oder Ausfall des Kurses. Bei R\u00fccktritt bis sp\u00e4testens 14 Tage vor Kurs-\/Workshopbeginn ist eine Bearbeitungsgeb\u00fchr von 20% zu bezahlen. Bei sp\u00e4terer Abmeldung ist der volle Teilnehmerbetrag zu entrichten, au\u00dfer es wird ein\/e ErsatzteilnehmerIn gestellt.<\/p>","protected":false},"excerpt":{"rendered":"<p>Schreib mir eine Mail an inBewegung@gmx.de mit dem Betreff an welchem Kurs oder Workshop du teilnehmen m\u00f6chtest. Am liebsten aber [&hellip;]<\/p>","protected":false},"author":1,"featured_media":0,"parent":0,"menu_order":0,"comment_status":"closed","ping_status":"closed","template":"","meta":{"site-sidebar-layout":"default","site-content-layout":"","ast-site-content-layout":"default","site-content-style":"default","site-sidebar-style":"default","ast-global-header-display":"","ast-banner-title-visibility":"","ast-main-header-display":"","ast-hfb-above-header-display":"","ast-hfb-below-header-display":"","ast-hfb-mobile-header-display":"","site-post-title":"","ast-breadcrumbs-content":"","ast-featured-img":"","footer-sml-layout":"","theme-transparent-header-meta":"","adv-header-id-meta":"","stick-header-meta":"","header-above-stick-meta":"","header-main-stick-meta":"","header-below-stick-meta":"","astra-migrate-meta-layouts":"default","ast-page-background-enabled":"default","ast-page-background-meta":{"desktop":{"background-color":"var(--ast-global-color-5)","background-image":"","background-repeat":"repeat","background-position":"center center","background-size":"auto","background-attachment":"scroll","background-type":"","background-media":"","overlay-type":"","overlay-color":"","overlay-opacity":"","overlay-gradient":""},"tablet":{"background-color":"","background-image":"","background-repeat":"repeat","background-position":"center center","background-size":"auto","background-attachment":"scroll","background-type":"","background-media":"","overlay-type":"","overlay-color":"","overlay-opacity":"","overlay-gradient":""},"mobile":{"background-color":"","background-image":"","background-repeat":"repeat","background-position":"center center","background-size":"auto","background-attachment":"scroll","background-type":"","background-media":"","overlay-type":"","overlay-color":"","overlay-opacity":"","overlay-gradient":""}},"ast-content-background-meta":{"desktop":{"background-color":"var(--ast-global-color-4)","background-image":"","background-repeat":"repeat","background-position":"center center","background-size":"auto","background-attachment":"scroll","background-type":"","background-media":"","overlay-type":"","overlay-color":"","overlay-opacity":"","overlay-gradient":""},"tablet":{"background-color":"var(--ast-global-color-4)","background-image":"","background-repeat":"repeat","background-position":"center center","background-size":"auto","background-attachment":"scroll","background-type":"","background-media":"","overlay-type":"","overlay-color":"","overlay-opacity":"","overlay-gradient":""},"mobile":{"background-color":"var(--ast-global-color-4)","background-image":"","background-repeat":"repeat","background-position":"center center","background-size":"auto","background-attachment":"scroll","background-type":"","background-media":"","overlay-type":"","overlay-color":"","overlay-opacity":"","overlay-gradient":""}},"footnotes":""},"class_list":["post-8095","page","type-page","status-publish","hentry"],"jetpack_sharing_enabled":true,"_links":{"self":[{"href":"https:\/\/stefanie-rose.de\/en\/wp-json\/wp\/v2\/pages\/8095","targetHints":{"allow":["GET"]}}],"collection":[{"href":"https:\/\/stefanie-rose.de\/en\/wp-json\/wp\/v2\/pages"}],"about":[{"href":"https:\/\/stefanie-rose.de\/en\/wp-json\/wp\/v2\/types\/page"}],"author":[{"embeddable":true,"href":"https:\/\/stefanie-rose.de\/en\/wp-json\/wp\/v2\/users\/1"}],"replies":[{"embeddable":true,"href":"https:\/\/stefanie-rose.de\/en\/wp-json\/wp\/v2\/comments?post=8095"}],"version-history":[{"count":5,"href":"https:\/\/stefanie-rose.de\/en\/wp-json\/wp\/v2\/pages\/8095\/revisions"}],"predecessor-version":[{"id":8110,"href":"https:\/\/stefanie-rose.de\/en\/wp-json\/wp\/v2\/pages\/8095\/revisions\/8110"}],"wp:attachment":[{"href":"https:\/\/stefanie-rose.de\/en\/wp-json\/wp\/v2\/media?parent=8095"}],"curies":[{"name":"wp","href":"https:\/\/api.w.org\/{rel}","templated":true}]}}