{"id":8048,"date":"2023-08-04T21:41:21","date_gmt":"2023-08-04T21:41:21","guid":{"rendered":"https:\/\/stefanie-rose.de\/?page_id=8048"},"modified":"2023-08-04T21:57:58","modified_gmt":"2023-08-04T21:57:58","slug":"mitja-berg","status":"publish","type":"page","link":"https:\/\/stefanie-rose.de\/en\/mitja-berg\/","title":{"rendered":"Mitja Berg"},"content":{"rendered":"<figure class=\"wp-block-image alignleft size-large is-resized is-style-default\"><a href=\"https:\/\/stefanie-rose.de\/wp-content\/uploads\/2023\/08\/photo_2023-07-17_08-33-25.jpeg\"><img loading=\"lazy\" decoding=\"async\" src=\"https:\/\/stefanie-rose.de\/wp-content\/uploads\/2023\/08\/photo_2023-07-17_08-33-25-682x1024.jpeg\" alt=\"\" class=\"wp-image-8052\" width=\"228\" height=\"343\" srcset=\"https:\/\/stefanie-rose.de\/wp-content\/uploads\/2023\/08\/photo_2023-07-17_08-33-25-682x1024.jpeg 682w, https:\/\/stefanie-rose.de\/wp-content\/uploads\/2023\/08\/photo_2023-07-17_08-33-25-200x300.jpeg 200w, https:\/\/stefanie-rose.de\/wp-content\/uploads\/2023\/08\/photo_2023-07-17_08-33-25-768x1152.jpeg 768w, https:\/\/stefanie-rose.de\/wp-content\/uploads\/2023\/08\/photo_2023-07-17_08-33-25.jpeg 853w\" sizes=\"auto, (max-width: 228px) 100vw, 228px\" \/><\/a><\/figure>\n\n\n\n<p>Sein Ziel ist es, Raum und Zeit f\u00fcr nat\u00fcrliche Bewegung und K\u00f6rperbewusstsein zu kreieren. In seinen Kursen, Workshops und Coachings verfolgt er einen ganzheitlichen Ansatz. Dabei ist es ihm wichtig, alle seine k\u00f6rperlichen F\u00e4higkeiten von Kraft \u00fcber Koordination bis hin zu Ausdauer, Mobilit\u00e4t und Flexibilit\u00e4t auf vielf\u00e4ltige Weise zu trainieren.&nbsp;<br \/>Sein Angebot richtet sich an alle, die sich mehr bewegen m\u00f6chten und Lust haben, sich mit ihrem K\u00f6rper zu befassen. Ganz unabh\u00e4ngig von Alter, k\u00f6rperlichen Voraussetzungen oder Vorerfahrung. Ihm geht es darum, dich auf deinem Level abzuholen und gemeinsam spielerisch in Bewegung zu kommen und den Lernprozess zu zelebrieren.&nbsp;<br \/><\/p>\n\n\n\n<ul class=\"wp-block-social-links is-layout-flex wp-block-social-links-is-layout-flex\"><li class=\"wp-social-link wp-social-link-chain  wp-block-social-link\"><a href=\"https:\/\/www.mitjaberg.com\/\" class=\"wp-block-social-link-anchor\"><svg width=\"24\" height=\"24\" viewbox=\"0 0 24 24\" version=\"1.1\" xmlns=\"http:\/\/www.w3.org\/2000\/svg\" aria-hidden=\"true\" focusable=\"false\"><path d=\"M15.6,7.2H14v1.5h1.6c2,0,3.7,1.7,3.7,3.7s-1.7,3.7-3.7,3.7H14v1.5h1.6c2.8,0,5.2-2.3,5.2-5.2,0-2.9-2.3-5.2-5.2-5.2zM4.7,12.4c0-2,1.7-3.7,3.7-3.7H10V7.2H8.4c-2.9,0-5.2,2.3-5.2,5.2,0,2.9,2.3,5.2,5.2,5.2H10v-1.5H8.4c-2,0-3.7-1.7-3.7-3.7zm4.6.9h5.3v-1.5H9.3v1.5z\"><\/path><\/svg><span class=\"wp-block-social-link-label screen-reader-text\">Link<\/span><\/a><\/li>\n\n<li class=\"wp-social-link wp-social-link-instagram  wp-block-social-link\"><a href=\"https:\/\/instagram.com\/mitjaberg?igshid=MzRlODBiNWFlZA==\" class=\"wp-block-social-link-anchor\"><svg width=\"24\" height=\"24\" viewbox=\"0 0 24 24\" version=\"1.1\" xmlns=\"http:\/\/www.w3.org\/2000\/svg\" aria-hidden=\"true\" focusable=\"false\"><path d=\"M12,4.622c2.403,0,2.688,0.009,3.637,0.052c0.877,0.04,1.354,0.187,1.671,0.31c0.42,0.163,0.72,0.358,1.035,0.673 c0.315,0.315,0.51,0.615,0.673,1.035c0.123,0.317,0.27,0.794,0.31,1.671c0.043,0.949,0.052,1.234,0.052,3.637 s-0.009,2.688-0.052,3.637c-0.04,0.877-0.187,1.354-0.31,1.671c-0.163,0.42-0.358,0.72-0.673,1.035 c-0.315,0.315-0.615,0.51-1.035,0.673c-0.317,0.123-0.794,0.27-1.671,0.31c-0.949,0.043-1.233,0.052-3.637,0.052 s-2.688-0.009-3.637-0.052c-0.877-0.04-1.354-0.187-1.671-0.31c-0.42-0.163-0.72-0.358-1.035-0.673 c-0.315-0.315-0.51-0.615-0.673-1.035c-0.123-0.317-0.27-0.794-0.31-1.671C4.631,14.688,4.622,14.403,4.622,12 s0.009-2.688,0.052-3.637c0.04-0.877,0.187-1.354,0.31-1.671c0.163-0.42,0.358-0.72,0.673-1.035 c0.315-0.315,0.615-0.51,1.035-0.673c0.317-0.123,0.794-0.27,1.671-0.31C9.312,4.631,9.597,4.622,12,4.622 M12,3 C9.556,3,9.249,3.01,8.289,3.054C7.331,3.098,6.677,3.25,6.105,3.472C5.513,3.702,5.011,4.01,4.511,4.511 c-0.5,0.5-0.808,1.002-1.038,1.594C3.25,6.677,3.098,7.331,3.054,8.289C3.01,9.249,3,9.556,3,12c0,2.444,0.01,2.751,0.054,3.711 c0.044,0.958,0.196,1.612,0.418,2.185c0.23,0.592,0.538,1.094,1.038,1.594c0.5,0.5,1.002,0.808,1.594,1.038 c0.572,0.222,1.227,0.375,2.185,0.418C9.249,20.99,9.556,21,12,21s2.751-0.01,3.711-0.054c0.958-0.044,1.612-0.196,2.185-0.418 c0.592-0.23,1.094-0.538,1.594-1.038c0.5-0.5,0.808-1.002,1.038-1.594c0.222-0.572,0.375-1.227,0.418-2.185 C20.99,14.751,21,14.444,21,12s-0.01-2.751-0.054-3.711c-0.044-0.958-0.196-1.612-0.418-2.185c-0.23-0.592-0.538-1.094-1.038-1.594 c-0.5-0.5-1.002-0.808-1.594-1.038c-0.572-0.222-1.227-0.375-2.185-0.418C14.751,3.01,14.444,3,12,3L12,3z M12,7.378 c-2.552,0-4.622,2.069-4.622,4.622S9.448,16.622,12,16.622s4.622-2.069,4.622-4.622S14.552,7.378,12,7.378z M12,15 c-1.657,0-3-1.343-3-3s1.343-3,3-3s3,1.343,3,3S13.657,15,12,15z M16.804,6.116c-0.596,0-1.08,0.484-1.08,1.08 s0.484,1.08,1.08,1.08c0.596,0,1.08-0.484,1.08-1.08S17.401,6.116,16.804,6.116z\"><\/path><\/svg><span class=\"wp-block-social-link-label screen-reader-text\">Instagram<\/span><\/a><\/li><\/ul>","protected":false},"excerpt":{"rendered":"<p>Sein Ziel ist es, Raum und Zeit f\u00fcr nat\u00fcrliche Bewegung und K\u00f6rperbewusstsein zu kreieren. In seinen Kursen, Workshops und Coachings [&hellip;]<\/p>","protected":false},"author":1,"featured_media":0,"parent":0,"menu_order":0,"comment_status":"closed","ping_status":"closed","template":"","meta":{"site-sidebar-layout":"default","site-content-layout":"","ast-site-content-layout":"default","site-content-style":"default","site-sidebar-style":"default","ast-global-header-display":"","ast-banner-title-visibility":"","ast-main-header-display":"","ast-hfb-above-header-display":"","ast-hfb-below-header-display":"","ast-hfb-mobile-header-display":"","site-post-title":"","ast-breadcrumbs-content":"","ast-featured-img":"","footer-sml-layout":"","theme-transparent-header-meta":"","adv-header-id-meta":"","stick-header-meta":"","header-above-stick-meta":"","header-main-stick-meta":"","header-below-stick-meta":"","astra-migrate-meta-layouts":"default","ast-page-background-enabled":"default","ast-page-background-meta":{"desktop":{"background-color":"var(--ast-global-color-5)","background-image":"","background-repeat":"repeat","background-position":"center center","background-size":"auto","background-attachment":"scroll","background-type":"","background-media":"","overlay-type":"","overlay-color":"","overlay-opacity":"","overlay-gradient":""},"tablet":{"background-color":"","background-image":"","background-repeat":"repeat","background-position":"center center","background-size":"auto","background-attachment":"scroll","background-type":"","background-media":"","overlay-type":"","overlay-color":"","overlay-opacity":"","overlay-gradient":""},"mobile":{"background-color":"","background-image":"","background-repeat":"repeat","background-position":"center center","background-size":"auto","background-attachment":"scroll","background-type":"","background-media":"","overlay-type":"","overlay-color":"","overlay-opacity":"","overlay-gradient":""}},"ast-content-background-meta":{"desktop":{"background-color":"var(--ast-global-color-4)","background-image":"","background-repeat":"repeat","background-position":"center center","background-size":"auto","background-attachment":"scroll","background-type":"","background-media":"","overlay-type":"","overlay-color":"","overlay-opacity":"","overlay-gradient":""},"tablet":{"background-color":"var(--ast-global-color-4)","background-image":"","background-repeat":"repeat","background-position":"center center","background-size":"auto","background-attachment":"scroll","background-type":"","background-media":"","overlay-type":"","overlay-color":"","overlay-opacity":"","overlay-gradient":""},"mobile":{"background-color":"var(--ast-global-color-4)","background-image":"","background-repeat":"repeat","background-position":"center center","background-size":"auto","background-attachment":"scroll","background-type":"","background-media":"","overlay-type":"","overlay-color":"","overlay-opacity":"","overlay-gradient":""}},"footnotes":""},"class_list":["post-8048","page","type-page","status-publish","hentry"],"jetpack_sharing_enabled":true,"_links":{"self":[{"href":"https:\/\/stefanie-rose.de\/en\/wp-json\/wp\/v2\/pages\/8048","targetHints":{"allow":["GET"]}}],"collection":[{"href":"https:\/\/stefanie-rose.de\/en\/wp-json\/wp\/v2\/pages"}],"about":[{"href":"https:\/\/stefanie-rose.de\/en\/wp-json\/wp\/v2\/types\/page"}],"author":[{"embeddable":true,"href":"https:\/\/stefanie-rose.de\/en\/wp-json\/wp\/v2\/users\/1"}],"replies":[{"embeddable":true,"href":"https:\/\/stefanie-rose.de\/en\/wp-json\/wp\/v2\/comments?post=8048"}],"version-history":[{"count":3,"href":"https:\/\/stefanie-rose.de\/en\/wp-json\/wp\/v2\/pages\/8048\/revisions"}],"predecessor-version":[{"id":8067,"href":"https:\/\/stefanie-rose.de\/en\/wp-json\/wp\/v2\/pages\/8048\/revisions\/8067"}],"wp:attachment":[{"href":"https:\/\/stefanie-rose.de\/en\/wp-json\/wp\/v2\/media?parent=8048"}],"curies":[{"name":"wp","href":"https:\/\/api.w.org\/{rel}","templated":true}]}}