{"id":7646,"date":"2023-04-06T21:23:57","date_gmt":"2023-04-06T21:23:57","guid":{"rendered":"https:\/\/stefanie-rose.de\/?page_id=7646"},"modified":"2024-11-12T11:04:58","modified_gmt":"2024-11-12T11:04:58","slug":"steffi-rose","status":"publish","type":"page","link":"https:\/\/stefanie-rose.de\/en\/steffi-rose\/","title":{"rendered":"STEFFI ROSE"},"content":{"rendered":"<p>Bewegung ist f\u00fcr Steffi schon immer Teil ihres Lebens. Ihr Weg als Leistungssportlerin beginnt mit 6 Jahren im Turnen, gefolgt von Ballett und Handball. Ihre gr\u00f6\u00dfte Leidenschaft gilt jedoch dem Tanz. Unter anderem sammelt sie in jungen Jahren Bewegungspraxis im Bereich Shinson Hapkido, Capoeira und Yoga. Nach dem Studium \u201eSoziale Arbeit (B.A.)\u201d mit dem Schwerpunkt Psychomotorik zertifiziert sie sich als Yoga und AcroYoga Lehrerin und sammelt ihre erste Erfahrungen als Bewegungs- und Tanzp\u00e4dagogin mit Kindern und Erwachsenen.&nbsp;<\/p>\n\n\n\n<div class=\"wp-block-media-text alignwide is-stacked-on-mobile\"><figure class=\"wp-block-media-text__media\"><img loading=\"lazy\" decoding=\"async\" width=\"1024\" height=\"682\" src=\"https:\/\/stefanie-rose.de\/wp-content\/uploads\/2017\/10\/credit-\u00a9-Patrick-Beelaert-18-1-1024x682.jpg\" alt=\"\" class=\"wp-image-4365 size-full\" srcset=\"https:\/\/stefanie-rose.de\/wp-content\/uploads\/2017\/10\/credit-\u00a9-Patrick-Beelaert-18-1-1024x682.jpg 1024w, https:\/\/stefanie-rose.de\/wp-content\/uploads\/2017\/10\/credit-\u00a9-Patrick-Beelaert-18-1-300x200.jpg 300w, https:\/\/stefanie-rose.de\/wp-content\/uploads\/2017\/10\/credit-\u00a9-Patrick-Beelaert-18-1-768x512.jpg 768w, https:\/\/stefanie-rose.de\/wp-content\/uploads\/2017\/10\/credit-\u00a9-Patrick-Beelaert-18-1.jpg 1280w\" sizes=\"auto, (max-width: 1024px) 100vw, 1024px\" \/><\/figure><div class=\"wp-block-media-text__content\">\n<p>Seit 2010 widmet sie sich der Contact Improvisation und startet diverse k\u00fcnstlerische Projekte, wie zum Beispiel den Bau der Waldkunstplattform auf dem Darmst\u00e4dter Waldkunstpfad und ihr erstes CI Performance Projekt in kleinen Tanz-Gruppen. Seit 2011 begleitet Steffi Menschen im Bereich Tanz, Yoga, AcroYoga und Bewegung als Kursleitung. <\/p>\n\n\n\n<p><\/p>\n<\/div><\/div>\n\n\n\n<p>Dabei verfolgt sie mit viel Spiel- und Entdeckerfreude einen prozessorientierten Ansatz und begegnet den Menschen empathisch, authentisch und wertsch\u00e4tzend und schafft so einen Raum, sich frei im Tanz auszudr\u00fccken. Stetig bildet sie sich in weiteren Bewegungsk\u00fcnsten wie Breakdance, Softakrobatik, Parkour, Floorwork, Axis Syllabus, BMC, authentic movement, K\u00f6rperpsychotherapie und vielem mehr weiter.<\/p>\n\n\n\n<p>Sie arbeitet dauerhaft an der Schnittstelle zwischen Bewegung, Bildung und Kultur mit Kindern und Erwachsenen, auch in Kooperation mit der Hochschule Darmstadt als Projektleitung f\u00fcr psychomotorische Angebote im Grundschulalter und Kinderzirkus-Projekten.<\/p>\n\n\n\n<p>Steffi ist au\u00dferdem Gr\u00fcnderin von Movement Art Darmstadt, organisiert Workshops und Kurse und erg\u00e4nzt ihr Angebot durch ein Team in weiteren Bereich, wie z.B. Handstand, Floorwork &amp; Softacrobatics.<\/p>\n\n\n\n<hr class=\"wp-block-separator has-alpha-channel-opacity\"\/>\n\n\n\n<div class=\"wp-block-group is-layout-constrained wp-block-group-is-layout-constrained\">\n<p><strong>TANZ- UND BEWEGUNGSP\u00c4DAGOGISCHE VITA<\/strong><\/p>\n\n\n\n<p><strong>Gr\u00fcnderin und Organisation<\/strong><\/p>\n\n\n\n<p>2011: Gr\u00fcnderin von Movement Art Darmstadt \u2013 Ein Ort f\u00fcr Tanz, Bewegung und kreative Ausdrucksformen, mit Fokus auf Movement, Tanz, Contact Improvisation, AcroYoga, Handstand, Soft Acrobatics, K\u00f6rperarbeit, somatische Praxis und Thai Yoga Massage<\/p>\n\n\n\n<p>2023: Gr\u00fcnderin des Movement Flow Fest in Darmstadt \u2013 Konzeption, Organisation und Umsetzung des j\u00e4hrlichen Festivals f\u00fcr Tanz und Bewegung<\/p>\n<\/div>\n\n\n\n<p><strong>Leitung und Durchf\u00fchrung von Workshops und Kursen<\/strong><\/p>\n\n\n\n<p>Seit 2011: Organisation und Durchf\u00fchrung von Kursen, Workshops und Events in Contact Impro, AcroYoga, Movement Flow, Tanz, K\u00f6rperarbeit, somatische Praxis und Thai Yoga Massage, als Gr\u00fcnderin von Movement Art Darmstadt<\/p>\n\n\n\n<p>Seit 2011: Organisation und Durchf\u00fchrung von Kursen, Workshops und Events in Contact Impro, AcroYoga, Movement Flow, Tanz, K\u00f6rperarbeit, somatische Praxis und Thai Yoga Massage, als Gr\u00fcnderin von Movement Art Darmstadt<\/p>\n\n\n\n<p>11.2023: Offene Tanz- und Bewegungswerkstatt, Workshop f\u00fcr Kinder (7-9 Jahre) in Kooperation mit Freie Szene Darmstadt e.V. &amp; Theater Moller Haus Darmstadt<\/p>\n\n\n\n<p>05.2023: Contact Impro \u201eSoft and Wild \u2013 Ways into Contact\u201c, Workshop bei Semilla \u2013 Tanz, Performance, Iyengar\u00ae Yoga, mit Crystal Sch\u00fcttler<\/p>\n\n\n\n<p>03.2023: Contact Impro Workshop Mini Festival, organisiert von TANZ \/ BEWEGUNG \/ K\u00d6RPER, einem gemeinn\u00fctzigen Verein zur F\u00f6rderung von Contact Improvisation im Rhein-Main-Gebiet, Frankfurt Verein e.V.<\/p>\n\n\n\n<p>2017: Kinder- und Elterntanz, Herzraum Darmstadt<\/p>\n\n\n\n<p>Zahlreiche Contact Improvisation-Workshops f\u00fcr tabeko e.V. und Ferienangebote Kinderzirkus Wannabe e.V., Darmstadt \u2013 Leitung von Bewegungseinheiten und kreativen Trampolin Workshops f\u00fcr Kinder<\/p>\n\n\n\n<p><strong>Besondere Projekte<\/strong><\/p>\n\n\n\n<p>2017: Bau der Tanzplattform auf dem Waldkunstpfad in Zusammenarbeit mit dem Verein f\u00fcr Internationale Waldkunst e.V. Darmstadt im Rahmen der Waldkunstp\u00e4dagogik<\/p>\n\n\n\n<p><strong>Psychomotorik und Sportp\u00e4dagogik<\/strong><\/p>\n\n\n\n<p>2012: Theoretische und praktische Einf\u00fchrung in die Psychomotorik am Studienrat der FSJ-Gruppe S\u00fcd-Ost des DWHN in Darmstadt<\/p>\n\n\n\n<p>2014-2017: Sportf\u00f6rderunterricht an der Anna Freud Schule \u2013 F\u00f6rderschule Weiterstadt<\/p>\n\n\n\n<p>2017: Sportunterricht an der Comenius Schule Darmstadt<\/p>\n\n\n\n<p>2018 Grundlagen von Traumap\u00e4dagogik und Tanztherapie, AKP f\u00fcr Psychomotorik, Hda Darmstadt<\/p>\n\n\n\n<p>2021-2022 Eigenst\u00e4ndige Konzeption des 1:1 Psychomotorik-Projekts sowie Begleitung der Studierenden w\u00e4hrend der Theorieveranstaltung Psychomotorik 1:1 und der Reflexionsveranstaltung. Erfolgreiche Verkn\u00fcpfung des Projekts mit der Goetheschule Darmstadt.<\/p>\n\n\n\n<p><strong>Ausbildung und Weiterbildung<\/strong><\/p>\n\n\n\n<p>2023: Teil der Movement-Ausbildung mit Mitja Berg, Schwerpunkt auf Contact Improvisation und Flow-Techniken<\/p>\n\n\n\n<p><strong>Zus\u00e4tzliche Erfahrungen<\/strong><\/p>\n\n\n\n<p>Kommunikationskompetenzen in Theorie und Praxis, Praxis f\u00fcr Supervision, Alwin Graf und Marlene Graf-Bornh\u00fctter, Darmstadt | Mitglied bei homodea GmbH \u2013 Online Coaching | Supervision bei Karin Heidt, Darmstadt | Coaching und Beratung bei Bernd R\u00f6ssler Consulting | Teilnahme an der Weiterbildung im Bereich SKAN \u2013 K\u00f6rperarbeit und Psychotherapie bei Juan Egmont Ohrt und Linda Beckmann<\/p>\n\n\n\n<p><\/p>\n\n\n\n<hr class=\"wp-block-separator has-alpha-channel-opacity\"\/>\n\n\n\n<p><strong>Einfl\u00fcsse<\/strong><\/p>\n\n\n\n<p>Meine Praxis und mein Verst\u00e4ndnis von Tanz, Bewegung und K\u00f6rperarbeit wurden durch zahlreiche inspirierende Lehrer und Methoden gepr\u00e4gt. Zu meinen Einfl\u00fcssen geh\u00f6ren: <strong>Finding Flow<\/strong> mit Nil Teisner (M\u00fcnchen und Basel) \u2013 <strong>Handstand<\/strong> mit Fabian Conrads (Darmstadt) \u2013 <strong>Movement<\/strong> mit Merlin Lang (Frankfurt) \u2013 <strong>Soft Acrobatic &amp; Preparing the Monkey<\/strong> mit Stefan Crainic (Prag) \u2013 <strong>Crazy Monkey<\/strong> (Amsterdam) \u2013 <strong>The Practice<\/strong> mit Lucia Toker (online) \u2013 <strong>Kenan Dinkelman<\/strong> Flow Acrobatics (Amsterdam) \u2013 <strong>Zen Acrobatics<\/strong> mit Tom Weksler (Hamburg) \u2013 <strong>Movement Gym<\/strong> (Weinheim) \u2013 <strong>Fighting Monkey Practice \u2013 From the Other Side<\/strong> mit Linda Kapetanea (online) \u2013 <strong>Yuval Ayalon<\/strong> Handstand (K\u00f6ln) \u2013 <strong>Scott Wells<\/strong> (Darmstadt) Flying \u2260 Jumping \u2013 <strong>Irene Sposetti<\/strong> Contact Improvisation \u2013 Individualit\u00e4t in Contact (Darmstadt) \u2013 <strong>Kompaktfortbildung CI<\/strong> mit J\u00f6rg Hassmann und Daniel Werner (M\u00fcnchen) \u2013 <strong>Contact Training Improvisation Intensive<\/strong> mit Alyssa Lynes, Eckard M\u00fcller und Bernd Ka (Freiburg).<\/p>","protected":false},"excerpt":{"rendered":"<p>Bewegung ist f\u00fcr Steffi schon immer Teil ihres Lebens. Ihr Weg als Leistungssportlerin beginnt mit 6 Jahren im Turnen, gefolgt [&hellip;]<\/p>","protected":false},"author":1,"featured_media":0,"parent":0,"menu_order":0,"comment_status":"closed","ping_status":"closed","template":"","meta":{"site-sidebar-layout":"default","site-content-layout":"","ast-site-content-layout":"default","site-content-style":"default","site-sidebar-style":"default","ast-global-header-display":"","ast-banner-title-visibility":"","ast-main-header-display":"","ast-hfb-above-header-display":"","ast-hfb-below-header-display":"","ast-hfb-mobile-header-display":"","site-post-title":"","ast-breadcrumbs-content":"","ast-featured-img":"","footer-sml-layout":"","theme-transparent-header-meta":"","adv-header-id-meta":"","stick-header-meta":"","header-above-stick-meta":"","header-main-stick-meta":"","header-below-stick-meta":"","astra-migrate-meta-layouts":"default","ast-page-background-enabled":"default","ast-page-background-meta":{"desktop":{"background-color":"var(--ast-global-color-5)","background-image":"","background-repeat":"repeat","background-position":"center center","background-size":"auto","background-attachment":"scroll","background-type":"","background-media":"","overlay-type":"","overlay-color":"","overlay-opacity":"","overlay-gradient":""},"tablet":{"background-color":"","background-image":"","background-repeat":"repeat","background-position":"center center","background-size":"auto","background-attachment":"scroll","background-type":"","background-media":"","overlay-type":"","overlay-color":"","overlay-opacity":"","overlay-gradient":""},"mobile":{"background-color":"","background-image":"","background-repeat":"repeat","background-position":"center center","background-size":"auto","background-attachment":"scroll","background-type":"","background-media":"","overlay-type":"","overlay-color":"","overlay-opacity":"","overlay-gradient":""}},"ast-content-background-meta":{"desktop":{"background-color":"var(--ast-global-color-4)","background-image":"","background-repeat":"repeat","background-position":"center center","background-size":"auto","background-attachment":"scroll","background-type":"","background-media":"","overlay-type":"","overlay-color":"","overlay-opacity":"","overlay-gradient":""},"tablet":{"background-color":"var(--ast-global-color-4)","background-image":"","background-repeat":"repeat","background-position":"center center","background-size":"auto","background-attachment":"scroll","background-type":"","background-media":"","overlay-type":"","overlay-color":"","overlay-opacity":"","overlay-gradient":""},"mobile":{"background-color":"var(--ast-global-color-4)","background-image":"","background-repeat":"repeat","background-position":"center center","background-size":"auto","background-attachment":"scroll","background-type":"","background-media":"","overlay-type":"","overlay-color":"","overlay-opacity":"","overlay-gradient":""}},"footnotes":""},"class_list":["post-7646","page","type-page","status-publish","hentry"],"jetpack_sharing_enabled":true,"_links":{"self":[{"href":"https:\/\/stefanie-rose.de\/en\/wp-json\/wp\/v2\/pages\/7646","targetHints":{"allow":["GET"]}}],"collection":[{"href":"https:\/\/stefanie-rose.de\/en\/wp-json\/wp\/v2\/pages"}],"about":[{"href":"https:\/\/stefanie-rose.de\/en\/wp-json\/wp\/v2\/types\/page"}],"author":[{"embeddable":true,"href":"https:\/\/stefanie-rose.de\/en\/wp-json\/wp\/v2\/users\/1"}],"replies":[{"embeddable":true,"href":"https:\/\/stefanie-rose.de\/en\/wp-json\/wp\/v2\/comments?post=7646"}],"version-history":[{"count":19,"href":"https:\/\/stefanie-rose.de\/en\/wp-json\/wp\/v2\/pages\/7646\/revisions"}],"predecessor-version":[{"id":9259,"href":"https:\/\/stefanie-rose.de\/en\/wp-json\/wp\/v2\/pages\/7646\/revisions\/9259"}],"wp:attachment":[{"href":"https:\/\/stefanie-rose.de\/en\/wp-json\/wp\/v2\/media?parent=7646"}],"curies":[{"name":"wp","href":"https:\/\/api.w.org\/{rel}","templated":true}]}}