{"id":4669,"date":"2018-02-16T15:29:39","date_gmt":"2018-02-16T15:29:39","guid":{"rendered":"http:\/\/xn--ganzheitlichegesundeitsfrderung-udd.de\/?page_id=4669"},"modified":"2025-03-10T18:14:30","modified_gmt":"2025-03-10T18:14:30","slug":"feedback","status":"publish","type":"page","link":"https:\/\/stefanie-rose.de\/en\/feedback\/","title":{"rendered":"Feedback"},"content":{"rendered":"<p>R\u00fcckmeldungen von Kurs-TeilnehmerInnen<\/p>\n\n\n\n<hr class=\"wp-block-separator has-alpha-channel-opacity\"\/>\n\n\n\n<p><br \/><em>&#8230;es hat mich gestern voll gl\u00fccklich gemacht. Und heute auch! Ich mag sehr deine fr\u00f6hliche, klare und zugleich verspielte Art zu trainieren<\/em>&#8230;<\/p>\n\n\n\n<hr class=\"wp-block-separator has-alpha-channel-opacity\"\/>\n\n\n\n<p>Ich finde du machst das ganz wundervoll. Ich finde deinen Ansatz toll, wie es in der Kursbeschreibung steht, vor allem erlebe ich dich aber auch so authentisch in deiner Spiel- und Entdeckerfreude, die wirklich ansteckend ist. Ich finde es immer wieder toll, wie du die \u00dcbungen anleitest, mit welchem Worten und Impulsen begleitest und den Raum, den du zur eigenen Erkundung gibst.<\/p>\n\n\n\n<hr class=\"wp-block-separator has-alpha-channel-opacity\"\/>\n\n\n\n<p>Hi Steffi! Hi Sabrina!<\/p>\n\n\n\n<p>Danke f\u00fcr den Raum zum Ausprobieren und Kennenlernen. F\u00fcr mich waren es wertvolle Erfahrungen, die ich in eurem Worskshop gemacht habe. Das Fight &amp; Play ist ein Angebot f\u00fcr mich, mit Lust und Kraft in den Contact zu gehen. F\u00fcr mich war das Spielerische im Kampf eine ganz positive Entdeckung. Statt mit dem Willen und gro\u00dfer Anstrengungen ein Ziel wom\u00f6glich den Sieg zu erreichen, war es viel sch\u00f6ner die Kraft mit dem anderen zu messen und dadurch noch kraftvoller zu werden. Also gar kein Ziel zu haben au\u00dfer meine und seine\/ihre Kraft zu sp\u00fcren.<\/p>\n\n\n\n<p>&#8230;. Ich lerne davon viel. Warum siegen? Wenn k\u00e4mpfen und umarmen zusammengehen kann. \ud83d\ude00<\/p>\n\n\n\n<p>Ich f\u00e4nde es sch\u00f6n, wenn ihr bald mal wieder dieses Format anbieten k\u00f6nnt. Mir hat deine (Steffis) ausgelassene Stimmung gut getan, sie war f\u00fcr mich ansteckend.<\/p>\n\n\n\n<p>Herzliche Gr\u00fc\u00dfe<\/p>\n\n\n\n<hr class=\"wp-block-separator has-alpha-channel-opacity\"\/>\n\n\n\n<p>Ich m\u00f6chte einfach nur mal gerne DANKE sagen &#8211; dass es euch gibt, dass ich meinen Weg zu euch gefunden habe und mit der CI nochmal etwas derma\u00dfen wertvolles f\u00fcr mich in meinem Leben entdeckt habe!!! Danke Steffi f\u00fcr deine einfach tolle Art, Begeisterung, Leidenschaft und Spielfreude, CI zu vermitteln. Danke Ulle f\u00fcr die wahnsinnig tolle Bereicherung der Contact Kurse durch und mit deiner Musik und Stimme. Ich liebe es!<\/p>\n\n\n\n<hr class=\"wp-block-separator has-alpha-channel-opacity\"\/>\n\n\n\n<p>Gestern am Ende, das fand ich einfach so super genial und sch\u00f6n &#8211; und das sind Momente, bei denen mir echt die Worte fehlen um auszudr\u00fccken, was ich dabei f\u00fchle und wie sehr ich mich einfach erf\u00fcllt und lebendig f\u00fchle, mir denke \u201eschei\u00dfe ist das Leben geil\u201c und alles irgendwie garnicht so richtig glauben kann, was ich gerade erlebe und dabei f\u00fchle und wie sehr ich auch einfach ber\u00fchrt bin&#8230;<br \/>Ich erlebe gerade sowieso schon eine ziemlich intensive Phase, Ver\u00e4nderungen, Dinge und ein Gef\u00fchl von Erf\u00fcllung, welche\/s ich niemals f\u00fcr m\u00f6glich gehalten h\u00e4tte&#8230; Und jetzt mit der CI noch einmal mehr&#8230;<br \/>Ich habe zwar, als es mir damals zum 1. Mal begegnet war, irgendwie gesp\u00fcrt, dass das echt meins sein k\u00f6nnte &#8211; aber in welchem Ausma\u00df ich darin aufgehe, h\u00e4tte ich mir nicht ertr\u00e4umt&#8230; Wie sehr ich auf einmal aus dem Kopf rauskomme, in welchen wahnsinnigen Flow-Zustand es einen so leicht bringen kann und man einfach ganz frei spielt mit dem, was gerade ist&#8230; Ich entdecke mich damit selbst nochmal ganz neu, auch einfach im eigenen Solo-Tanz &#8211; alles wird so weich und flie\u00dfend und alles darf sein&#8230; Und ich habe mich vermutlich noch nie in meinem Leben so viel und voller Spa\u00df, Freude und Leichtigkeit auf dem Boden gerollt, gerobbt, ger\u00e4kelt, gespielt&#8230;<br \/>Es gibt mir einfach den Raum, um mich einfach richtig ausleben zu k\u00f6nnen und ein wahnsinniges Freiheitsgef\u00fchl. \u201eFreiheit im Tanz\u201c kann man hier wirklich leben \ud83d\ude42 Und bei dem, was du auf deiner Home-Seite schreibst, kann ich einfach nur vollkommen zustimmen!! F\u00fcr mich ist es in vielerlei Hinsicht sehr wertvoll! Und ich habe seitdem (seit dem 1. Kurs genaugenommen) in der Tat nicht mehr diese R\u00fcckenschmerzen, die ich davor hatte!<br \/>Und ich finde es auch immer wieder erstaunlich, wie schnell und leicht man \u00fcber Ber\u00fchrung in Kontakt kommt und sich einfach auf einer anderen Ebene begegnet&#8230;<br \/>Ich habe seit gestern Abend nun voll den Ohrwurm vom Ende, von dem gemeinsamen Gesang und Gestampfe oder Getrommel auf dem Boden oder was auch immer \ud83d\ude42 zu der Musik in Bewegung. Solche Momente und so eine Art des Zusammenseins w\u00fcnsche ich mir einfach in meinem Leben &#8211; und am Liebsten ganz viel! \ud83d\ude42<\/p>\n\n\n\n<hr class=\"wp-block-separator has-alpha-channel-opacity\"\/>\n\n\n\n<p>Ich m\u00f6chte auf diesem Wege einmal Danke sagen! Mich hat beim Tanzen schon immer gest\u00f6rt, dass ich mich einem vorgefertigten Muster anpassen muss. Du schaffst es einen sehr angenehmen und vertrauensvollen Rahmen zu schaffen. Hier ist vieles m\u00f6glich und Grenzen lassen sich auch auf k\u00f6rperlichem Wege \u00fcberwinden. Mit Deiner Hingabe und Spielfreude wirkst Du ansteckend und l\u00e4dst immer wieder auf\u00b4s Neue ein sich selbst auszuprobieren.<\/p>\n\n\n\n<p>Man merkt Dir an, dass Du liebst was Du tust und das ist sehr wohltuend.<br \/>Es ist immer wieder sch\u00f6n dabei zu sein und sich spielerisch aufzutanken.<\/p>\n\n\n\n<p>Mein ganz besonderer Dank gilt auch Ulle, der meistens sehr gef\u00fchlvoll mit seiner Musik begleitet und mich mit seiner Stimme sehr ber\u00fchrt.<br \/>Besonders sch\u00f6n ist es, Euch gemeinsam zu erleben.<\/p>\n\n\n\n<p>Ich w\u00fcnsche Dir und Euch den Erfolg, der erfolgt, wenn Ihr Euren Weg vertrauensvoll weitergeht.<\/p>\n\n\n\n<p>Sch\u00f6n, dass es Euch gibt.<\/p>\n\n\n\n<hr class=\"wp-block-separator has-alpha-channel-opacity\"\/>\n\n\n\n<p>Und klar, ich mache sehr gerne weiter. Du machst das echt super sch\u00f6n. Stimmig. Immer interessant. Herausfordernd. Es gibt ganz wenige Lehrer, die ich so akzeptieren kann. Und mit denen es so Spa\u00df macht. Gerne. Ich bin gerne bei Dir. Sehr gerne.<\/p>\n\n\n\n<hr class=\"wp-block-separator has-alpha-channel-opacity\"\/>\n\n\n\n<p>Liebe Steffi,<\/p>\n\n\n\n<p>bei den vorletzten Treffen, dachte ich oft, wenn ich Dich tanzen sah, das m\u00f6chte ich auch k\u00f6nnen. Doch wie komme ich dahin? Neid, der meiner Ungeduld geschuldet ist? Gestern hast Du f\u00fcr mich eine T\u00fcr ge\u00f6ffnet und ich durfte eine M\u00f6glichkeit erkennen, ich durfte sehen, dass Du uns etwas von Dir gibst. Mein Blick konnte dies zuvor nicht erkennen, so ist es, die kleinen stillen Dinge \u00fcbersehe ich noch all zu oft. Den gestrigen Abend empfand ich als Geschenk, denn er er\u00f6ffnete mir einen neuen Blick oder sollte ich besser sagen einen Einblick in das Leben. Kontrolle aufgeben, sich dem hingeben was gerade geschieht, was das Leben mir anbietet, dann kann es mich ber\u00fchren und ich bin ber\u00fchrt. Wie lange habe ich danach gesucht und nun bekomme ich eine Ahnung davon was es bedeuten kann, sich der Bewegung, dem Leben hinzugeben. Danke!<\/p>\n\n\n\n<p>Klingt vielleicht ein wenig pathetisch, doch der gestrige Abend hat mir etwas er\u00f6ffnet, ich gehe einen neuen Weg<\/p>\n\n\n\n<hr class=\"wp-block-separator has-alpha-channel-opacity\"\/>\n\n\n\n<p>Liebe Steffi, danke f\u00fcr den sch\u00f6nen Abend. Ich freue mich sehr, von dir Fliegen und Tanzen zu lernen, denn in deinem Unterricht komme ich in den Genuss von Herz mit Verstand.<\/p>\n\n\n\n<hr class=\"wp-block-separator has-alpha-channel-opacity\"\/>\n\n\n\n<p>Liebe Steffi<\/p>\n\n\n\n<p>ich hatte in den letzten zwei jahren mal mitgemacht bei einem basics kurs und es hat mir so wunderbar gefallen mit dir und der gruppe.<\/p>\n\n\n\n<p>Es ist einfach unbeschreiblich heilsam und sch\u00f6n!<\/p>\n\n\n\n<p>Ich wollte dir einfach mal schreiben, dass ich total gerne weiter machen w\u00fcrde!. montags abends leite ich allerdings selbst einen fortlaufenden kurs (kundalini yoga) an und kann daher leider nicht kommen. Hoffentlich passt es irgendwann mal wieder.<\/p>\n\n\n\n<p>Ich w\u00fcnsche dir einen wunderbaren Sommer, viel Spa\u00df beim Tanzen und Sein<\/p>\n\n\n\n<hr class=\"wp-block-separator has-alpha-channel-opacity\"\/>\n\n\n\n<p>Liebe Steffi,<\/p>\n\n\n\n<p>gestern Abend war nicht der Raum f\u00fcr Worte und so m\u00f6chte ich Dir mit diesen Zeilen sagen, dass ich es sch\u00f6n und ber\u00fchrend finde, mit welch gro\u00dfen Einf\u00fchlungsverm\u00f6gen Du die Gruppe bei ihrer anf\u00e4nglichen Bewegung abzuholen in der Lage bist. Dein Gitarrenspiel forderte mich auf mich hinzulegen und dem Klang zu folgen. Was daraus entstand war spannend, ber\u00fchrend und im R\u00fcckblick erf\u00fcllt es mich mit Erstaunen, was geschehen kann wenn wir uns hingeben. Danke!<\/p>\n\n\n\n<hr class=\"wp-block-separator has-alpha-channel-opacity\"\/>\n\n\n\n<p>Liebe Steffi, Empathie \u2013 dass ist Deine gro\u00dfe Gabe. Es erstaunt mich immer wieder, wie Du uns abholst, in den Raum f\u00fchrst. &#8230; Wie sehr n\u00e4hrt es mich ber\u00fchren zu d\u00fcrfen und ber\u00fchrt zu werden &#8211; mein Herz \u00f6ffnet sich, meine Empathie w\u00e4chst. Was f\u00fcr eine Weltgemeinschaft k\u00f6nnte erbl\u00fchen, wenn alle Menschen sich ber\u00fchren w\u00fcrden. In dem Jahr, in dem mich die Gruppe begleitet, sind meine \u00c4ngste vor dem Ber\u00fchren fast verschwunden. Die Angst, eine Frau k\u00f6nnte sich unsittlich ber\u00fchrt f\u00fchlen, ein Mann k\u00f6nnte denken ich bin schwul und all die anderen feinen Nuancen des inneren Widerstandes haben sich verloren &#8230; Gerade das Ber\u00fchren von Mann zu Mann ist f\u00fcr mich besonders n\u00e4hrend, denn es \u00fcberschreitet die gr\u00f6\u00dfte Barriere, erfordert die gr\u00f6\u00dfte Hingabe, das tiefste Loslassen und darin liegt f\u00fcr mich ein ganz neues Erleben und Erfahren als Mann \u2013 das f\u00fchlt sich richtig gut an. Ich kann nur feststellen, dass ich in eine mir bisher verborgene Wirklichkeit als Mann, als Mensch &#8230; hinein erwache. Daf\u00fcr danke ich dem Leben, den Menschen, die mich bis heute begleitet haben, Dir und all den Mitt\u00e4nzern bei der Conact Impro Gruppe<\/p>\n\n\n\n<hr class=\"wp-block-separator has-alpha-channel-opacity\"\/>\n\n\n\n<p>&#8222;Mein Anliegen war es immer, ein Feld von Liebe, Zuwendung, Achtsamkeit, Spa\u00df, Freude und nat\u00fcrlich Bewegung, Tanz und Yoga im Miteinander zu kreieren&#8220;- und das klappt bei mir oft ganz wunderbar, liebe Steffi.<\/p>\n\n\n\n<p>Wenn man, wie ich, sowohl im Haupt- als auch im &#8222;Nebenjob&#8220; viel mit Dramen und den sichtbaren Auswirkungen des Weltgeschehens zu tun hat sind die Montagsstunden eine sanfte Umarmung, ein wieder &#8222;auf den Punkt&#8220; bringen.<\/p>\n\n\n\n<!--more-->\n\n\n\n<hr class=\"wp-block-separator has-alpha-channel-opacity\"\/>\n\n\n\n<p>Ich bin sehr dankbar, dass ich diese beiden Kurse bei Dir (parallel) besuchen durfte. Du strahlst (f\u00fcr mich) irgendwie diese Sicherheit, Umsicht, und Achtsamkeit aus, spannst damit diesen \u201esicheren Raum\u201c auf. Auch hier nicht zu viel dar\u00fcber nachdenken und mich einfach freuen, dass es zuf\u00e4llig Dein CI-Kurs war, bei dem ich mich getraut habe? Auch wenn ich es sicher schon so oft gesagt habe: Vielen Dank, dass ich dabei sein darf.<\/p>\n\n\n\n<p>&#8230;eine Woche ist es nun her , dass ich Deinen Kurs als  drop-in besucht habe. Es hat mir sehr gut getan. Es hat mich sehr  gefreut Deine Bekanntschaft zu machen und dar\u00fcber, dass &#8230;. mich  eingeladen hat mal mitzukommen. Er meinte damals nur, &#8222;dass wir dort  einfach frei tanzen und es wichtig sei immer in Kontakt zu bleiben&#8220;&#8230;.  Mehr wusste ich nicht und doch habe ich mich darauf eingelassen, mir  vertraut Dir und dem Ganzen zu vertrauen und fand den Abend sehr sch\u00f6n.&nbsp;<br \/>Montags  Abends kann ich leider nicht regelm\u00e4\u00dfig kommen darum wenn es mir  m\u00f6glich ist nehme ich gerne an einem der angebotenen Workshops teil und  freue mich auf ein Wiedersehen.&nbsp;<br \/>\u00dcber  Dich und Dein Wirken habe ich erst eben auf der Suche nach Deiner  Kontaktinfo gelesen (Homepage) und finde es wundersch\u00f6n was Du machst.&nbsp;<br \/>Ich  gebe selbst Bewegungskurse f\u00fcr Menschen mit k\u00f6rperlichen und mentalen  Mobilit\u00e4tseinschr\u00e4nkungen. F\u00fcr Menschen die sich nicht trauen &#8211; sich zu  trauen sich selbst zu vertrauen. An Deinem Kurs habe ich privat, f\u00fcr  mich teilgenommen. Du und Deine Art, der Kurs, die Teilnehmer, ihr habt  mir Kraft gegeben weiter meinen Weg zu gehen und daf\u00fcr bin ich unendlich  dankbar.&nbsp;<br \/>Es gibt keine Zuf\u00e4lle. Sch\u00f6n, dass es Dich gibt liebe Steffi. Danke! Bitte mach weiter!<br \/>ich w\u00fcnsche Dir und der Gruppe heute Abend eine sch\u00f6ne Zeit.&nbsp;Viele Gr\u00fc\u00dfe, \u2026 von Herzen<\/p>\n\n\n\n<hr class=\"wp-block-separator has-alpha-channel-opacity\"\/>\n\n\n\n<p><\/p>\n\n\n\n<p>Liebe Steffi,<\/p>\n\n\n\n<p>\u2026.m\u00f6chte ich die Gelegenheit noch mal nutzen, dir zu schreiben, wie toll du das machst! Ich gehe ja auch immer mal gerne fremd&nbsp;\ud83d\ude09&nbsp;aber es gibt einfach keine, die\/der das so toll macht wie du, mit dieser Leichtigkeit und Lebensfreude, mit deinem Spieltrieb, deiner Stimme\u2026. Alles toll. Wenn ich also mein Leben besser auf die Reihe bekomme, so dass ich auch CI, was mir so gut tut, in mein Leben integrieren kann, bin ich von Herzen gerne wieder dabei.<\/p>\n\n\n\n<hr class=\"wp-block-separator has-alpha-channel-opacity\"\/>\n\n\n\n<p>Hei liebe Steffi,<br \/>\u2026.Dein Raum hat mich meine Bewegungsfreude, meine Liebe zur Akrobatik und meine Lebendigkeit sp\u00fcren lassen. Grunds\u00e4tzlich ist das ja immer so wenn ich bei dir bin \u2026 Gestern in deinem freudvollen Raum habe ich nach langer Zeit meine Lebendigkeit \u2026. als etwas sehr kraftvoller, verletzliches und kostbares wahrgenommen. \u2026. Danke! Du zauberst mir immer wieder kleine Sch\u00e4tze in meine Seelenschatztruhe liebe Steffi!<br \/><\/p>","protected":false},"excerpt":{"rendered":"<p>R\u00fcckmeldungen von Kurs-TeilnehmerInnen &#8230;es hat mich gestern voll gl\u00fccklich gemacht. Und heute auch! Ich mag sehr deine fr\u00f6hliche, klare und [&hellip;]<\/p>","protected":false},"author":1,"featured_media":0,"parent":0,"menu_order":0,"comment_status":"closed","ping_status":"closed","template":"","meta":{"site-sidebar-layout":"default","site-content-layout":"","ast-site-content-layout":"default","site-content-style":"default","site-sidebar-style":"default","ast-global-header-display":"","ast-banner-title-visibility":"","ast-main-header-display":"","ast-hfb-above-header-display":"","ast-hfb-below-header-display":"","ast-hfb-mobile-header-display":"","site-post-title":"","ast-breadcrumbs-content":"","ast-featured-img":"","footer-sml-layout":"","theme-transparent-header-meta":"","adv-header-id-meta":"","stick-header-meta":"","header-above-stick-meta":"","header-main-stick-meta":"","header-below-stick-meta":"","astra-migrate-meta-layouts":"default","ast-page-background-enabled":"default","ast-page-background-meta":{"desktop":{"background-color":"var(--ast-global-color-5)","background-image":"","background-repeat":"repeat","background-position":"center center","background-size":"auto","background-attachment":"scroll","background-type":"","background-media":"","overlay-type":"","overlay-color":"","overlay-opacity":"","overlay-gradient":""},"tablet":{"background-color":"","background-image":"","background-repeat":"repeat","background-position":"center center","background-size":"auto","background-attachment":"scroll","background-type":"","background-media":"","overlay-type":"","overlay-color":"","overlay-opacity":"","overlay-gradient":""},"mobile":{"background-color":"","background-image":"","background-repeat":"repeat","background-position":"center center","background-size":"auto","background-attachment":"scroll","background-type":"","background-media":"","overlay-type":"","overlay-color":"","overlay-opacity":"","overlay-gradient":""}},"ast-content-background-meta":{"desktop":{"background-color":"var(--ast-global-color-4)","background-image":"","background-repeat":"repeat","background-position":"center center","background-size":"auto","background-attachment":"scroll","background-type":"","background-media":"","overlay-type":"","overlay-color":"","overlay-opacity":"","overlay-gradient":""},"tablet":{"background-color":"var(--ast-global-color-4)","background-image":"","background-repeat":"repeat","background-position":"center center","background-size":"auto","background-attachment":"scroll","background-type":"","background-media":"","overlay-type":"","overlay-color":"","overlay-opacity":"","overlay-gradient":""},"mobile":{"background-color":"var(--ast-global-color-4)","background-image":"","background-repeat":"repeat","background-position":"center center","background-size":"auto","background-attachment":"scroll","background-type":"","background-media":"","overlay-type":"","overlay-color":"","overlay-opacity":"","overlay-gradient":""}},"footnotes":""},"class_list":["post-4669","page","type-page","status-publish","hentry"],"jetpack_sharing_enabled":true,"_links":{"self":[{"href":"https:\/\/stefanie-rose.de\/en\/wp-json\/wp\/v2\/pages\/4669","targetHints":{"allow":["GET"]}}],"collection":[{"href":"https:\/\/stefanie-rose.de\/en\/wp-json\/wp\/v2\/pages"}],"about":[{"href":"https:\/\/stefanie-rose.de\/en\/wp-json\/wp\/v2\/types\/page"}],"author":[{"embeddable":true,"href":"https:\/\/stefanie-rose.de\/en\/wp-json\/wp\/v2\/users\/1"}],"replies":[{"embeddable":true,"href":"https:\/\/stefanie-rose.de\/en\/wp-json\/wp\/v2\/comments?post=4669"}],"version-history":[{"count":19,"href":"https:\/\/stefanie-rose.de\/en\/wp-json\/wp\/v2\/pages\/4669\/revisions"}],"predecessor-version":[{"id":9487,"href":"https:\/\/stefanie-rose.de\/en\/wp-json\/wp\/v2\/pages\/4669\/revisions\/9487"}],"wp:attachment":[{"href":"https:\/\/stefanie-rose.de\/en\/wp-json\/wp\/v2\/media?parent=4669"}],"curies":[{"name":"wp","href":"https:\/\/api.w.org\/{rel}","templated":true}]}}