{"id":10566,"date":"2026-01-01T19:03:06","date_gmt":"2026-01-01T19:03:06","guid":{"rendered":"https:\/\/stefanie-rose.de\/franklin\/?page_id=10566"},"modified":"2026-02-08T21:14:55","modified_gmt":"2026-02-08T21:14:55","slug":"monkey-movement","status":"publish","type":"page","link":"https:\/\/stefanie-rose.de\/en\/monkey-movement\/","title":{"rendered":"MONKEY MOVEMENT LAGOS"},"content":{"rendered":"<div class=\"wp-block-columns alignfull is-style-default is-layout-flex wp-container-core-columns-is-layout-28f84493 wp-block-columns-is-layout-flex\">\n<div class=\"wp-block-column is-layout-flow wp-block-column-is-layout-flow\" style=\"flex-basis:56%\">\n<figure class=\"wp-block-image size-large\"><a href=\"https:\/\/stefanie-rose.de\/wp-content\/uploads\/2025\/11\/IMG_3530-scaled.jpeg\"><img loading=\"lazy\" decoding=\"async\" width=\"1024\" height=\"683\" src=\"https:\/\/stefanie-rose.de\/wp-content\/uploads\/2025\/11\/IMG_3530-1024x683.jpeg\" alt=\"\" class=\"wp-image-10284\" srcset=\"https:\/\/stefanie-rose.de\/wp-content\/uploads\/2025\/11\/IMG_3530-1024x683.jpeg 1024w, https:\/\/stefanie-rose.de\/wp-content\/uploads\/2025\/11\/IMG_3530-300x200.jpeg 300w, https:\/\/stefanie-rose.de\/wp-content\/uploads\/2025\/11\/IMG_3530-768x512.jpeg 768w, https:\/\/stefanie-rose.de\/wp-content\/uploads\/2025\/11\/IMG_3530-1536x1024.jpeg 1536w\" sizes=\"auto, (max-width: 1024px) 100vw, 1024px\" \/><\/a><\/figure>\n<\/div>\n\n\n\n<div class=\"wp-block-column is-layout-flow wp-block-column-is-layout-flow\" style=\"flex-basis:44%\">\n<h5 class=\"wp-block-heading has-text-color\" style=\"color:#000000\"><strong>Verspielte Bewegungspraxis<\/strong><\/h5>\n\n\n\n<p class=\"has-text-color\" style=\"color:#636363;font-size:17px;line-height:1.1\">\ud83d\udcc5 Donnerstags \u00b7 10:30\u201311:45 Uhr<br \/>\ud83d\udccd Lagos \u00b7 La Casa del Corpo, Lagos<br \/>\ud83d\udcb6 15 \u20ac Drop-in \u00b7 50 \u20ac (5er-Karte)<br \/>\ud83d\udce9 Info: <a href=\"mailto:inbewegung@gmx.de\">inbewegung@gmx.de<\/a><\/p>\n\n\n\n<p class=\"has-text-color\" style=\"color:#636363;font-size:17px;line-height:1.1\">Monkey Movement ist eine spielerische, dynamische Bewegungspraxis, die den ganzen K\u00f6rper in nur 75 Minuten aufweckt \u2013 von Kopf bis Fu\u00df. Durch Bewegungsspiele, Floorwork, Koordinationsaufgaben, rollende Bewegungswege und kreative Herausforderungen erforschen wir Kraft, Mobilit\u00e4t, Balance und Flow auf eine leichte und zug\u00e4ngliche Weise. Der Fokus liegt auf Neugier, Effizienz und Spielfreude \u2013 nicht auf Perfektion. Wir bewegen uns bodennah, wechseln Ebenen, spielen mit Momentum und Schwerkraft und laden den K\u00f6rper ein, sich auf nat\u00fcrliche Weise zu organisieren. Kurze, klare Sequenzen und Spiele f\u00fcr Erwachsene machen die Praxis schwei\u00dftreibend, erdend und mental erfrischend. Du kannst kommen, wie du bist \u2013 m\u00fcde, steif oder einfach neugierig \u2013 und gehst mit mehr Wachheit, Klarheit und Verbindung im K\u00f6rper. Offen f\u00fcr alle Levels. Keine Vorerfahrung n\u00f6tig.<\/p>\n<\/div>\n<\/div>\n\n\n\n<div class=\"wp-block-buttons is-content-justification-center is-layout-flex wp-container-core-buttons-is-layout-86e1f5e2 wp-block-buttons-is-layout-flex\">\n<div class=\"wp-block-button\"><a class=\"wp-block-button__link wp-element-button\" href=\"https:\/\/docs.google.com\/forms\/d\/e\/1FAIpQLSeWVy69eBRfTcmyOTgOiQgzowhb92oiW1hNNRU1chZTAMRzYQ\/viewform?usp=header\">Sign up<\/a><\/div>\n<\/div>","protected":false},"excerpt":{"rendered":"<p>Verspielte Bewegungspraxis \ud83d\udcc5 Donnerstags \u00b7 10:30\u201311:45 Uhr\ud83d\udccd Lagos \u00b7 La Casa del Corpo, Lagos\ud83d\udcb6 15 \u20ac Drop-in \u00b7 50 \u20ac [&hellip;]<\/p>","protected":false},"author":1,"featured_media":0,"parent":0,"menu_order":0,"comment_status":"closed","ping_status":"closed","template":"","meta":{"site-sidebar-layout":"default","site-content-layout":"","ast-site-content-layout":"default","site-content-style":"default","site-sidebar-style":"default","ast-global-header-display":"","ast-banner-title-visibility":"","ast-main-header-display":"","ast-hfb-above-header-display":"","ast-hfb-below-header-display":"","ast-hfb-mobile-header-display":"","site-post-title":"","ast-breadcrumbs-content":"","ast-featured-img":"","footer-sml-layout":"","theme-transparent-header-meta":"","adv-header-id-meta":"","stick-header-meta":"","header-above-stick-meta":"","header-main-stick-meta":"","header-below-stick-meta":"","astra-migrate-meta-layouts":"default","ast-page-background-enabled":"default","ast-page-background-meta":{"desktop":{"background-color":"var(--ast-global-color-5)","background-image":"","background-repeat":"repeat","background-position":"center center","background-size":"auto","background-attachment":"scroll","background-type":"","background-media":"","overlay-type":"","overlay-color":"","overlay-opacity":"","overlay-gradient":""},"tablet":{"background-color":"","background-image":"","background-repeat":"repeat","background-position":"center center","background-size":"auto","background-attachment":"scroll","background-type":"","background-media":"","overlay-type":"","overlay-color":"","overlay-opacity":"","overlay-gradient":""},"mobile":{"background-color":"","background-image":"","background-repeat":"repeat","background-position":"center center","background-size":"auto","background-attachment":"scroll","background-type":"","background-media":"","overlay-type":"","overlay-color":"","overlay-opacity":"","overlay-gradient":""}},"ast-content-background-meta":{"desktop":{"background-color":"var(--ast-global-color-4)","background-image":"","background-repeat":"repeat","background-position":"center center","background-size":"auto","background-attachment":"scroll","background-type":"","background-media":"","overlay-type":"","overlay-color":"","overlay-opacity":"","overlay-gradient":""},"tablet":{"background-color":"var(--ast-global-color-4)","background-image":"","background-repeat":"repeat","background-position":"center center","background-size":"auto","background-attachment":"scroll","background-type":"","background-media":"","overlay-type":"","overlay-color":"","overlay-opacity":"","overlay-gradient":""},"mobile":{"background-color":"var(--ast-global-color-4)","background-image":"","background-repeat":"repeat","background-position":"center center","background-size":"auto","background-attachment":"scroll","background-type":"","background-media":"","overlay-type":"","overlay-color":"","overlay-opacity":"","overlay-gradient":""}},"footnotes":""},"class_list":["post-10566","page","type-page","status-publish","hentry"],"jetpack_sharing_enabled":true,"_links":{"self":[{"href":"https:\/\/stefanie-rose.de\/en\/wp-json\/wp\/v2\/pages\/10566","targetHints":{"allow":["GET"]}}],"collection":[{"href":"https:\/\/stefanie-rose.de\/en\/wp-json\/wp\/v2\/pages"}],"about":[{"href":"https:\/\/stefanie-rose.de\/en\/wp-json\/wp\/v2\/types\/page"}],"author":[{"embeddable":true,"href":"https:\/\/stefanie-rose.de\/en\/wp-json\/wp\/v2\/users\/1"}],"replies":[{"embeddable":true,"href":"https:\/\/stefanie-rose.de\/en\/wp-json\/wp\/v2\/comments?post=10566"}],"version-history":[{"count":5,"href":"https:\/\/stefanie-rose.de\/en\/wp-json\/wp\/v2\/pages\/10566\/revisions"}],"predecessor-version":[{"id":10847,"href":"https:\/\/stefanie-rose.de\/en\/wp-json\/wp\/v2\/pages\/10566\/revisions\/10847"}],"wp:attachment":[{"href":"https:\/\/stefanie-rose.de\/en\/wp-json\/wp\/v2\/media?parent=10566"}],"curies":[{"name":"wp","href":"https:\/\/api.w.org\/{rel}","templated":true}]}}